{"id":12061,"date":"2018-09-11T13:51:28","date_gmt":"2018-09-11T13:51:28","guid":{"rendered":"https:\/\/wp.dentallabor-schoetz.de\/?page_id=12061"},"modified":"2019-01-07T18:30:47","modified_gmt":"2019-01-07T18:30:47","slug":"modellgusstechnik","status":"publish","type":"page","link":"https:\/\/www.dentallabor-schoetz.de\/index.php\/modellgusstechnik\/","title":{"rendered":"Modellgusstechnik"},"content":{"rendered":"<p><div class=\"fusion-fullwidth fullwidth-box fusion-builder-row-1 nonhundred-percent-fullwidth non-hundred-percent-height-scrolling\" style=\"background-color: #6d6e71;background-position: center center;background-repeat: no-repeat;padding-top:0px;padding-right:0px;padding-bottom:0px;padding-left:0px;margin-bottom: 0px;margin-top: 0px;border-width: 0px 0px 0px 0px;border-color:#eae9e9;border-style:solid;\" ><div class=\"fusion-builder-row fusion-row\"><div class=\"fusion-layout-column fusion_builder_column fusion-builder-column-0 fusion_builder_column_1_1 1_1 fusion-one-full fusion-column-first fusion-column-last\" style=\"margin-top:0px;margin-bottom:20px;\"><div class=\"fusion-column-wrapper fusion-flex-column-wrapper-legacy\" style=\"background-position:left top;background-repeat:no-repeat;-webkit-background-size:cover;-moz-background-size:cover;-o-background-size:cover;background-size:cover;background-color:#6d6e71;padding: 0px 0px 0px 0px;\"><span class=\" fusion-imageframe imageframe-dropshadow imageframe-1 hover-type-none\" style=\"-webkit-box-shadow: 3px 3px 7px rgba(0,0,0,0.3);box-shadow: 3px 3px 7px rgba(0,0,0,0.3);\"><img decoding=\"async\" width=\"1200\" height=\"270\" title=\"leistungen-modellgusstechnik\" src=\"http:\/\/www.dentallabor-schoetz.de\/wp-content\/uploads\/2018\/09\/leistungen-modellgusstechnik-1200x270.jpg\" class=\"img-responsive wp-image-12063\" srcset=\"https:\/\/www.dentallabor-schoetz.de\/wp-content\/uploads\/2018\/09\/leistungen-modellgusstechnik-200x45.jpg 200w, https:\/\/www.dentallabor-schoetz.de\/wp-content\/uploads\/2018\/09\/leistungen-modellgusstechnik-400x90.jpg 400w, https:\/\/www.dentallabor-schoetz.de\/wp-content\/uploads\/2018\/09\/leistungen-modellgusstechnik-600x135.jpg 600w, https:\/\/www.dentallabor-schoetz.de\/wp-content\/uploads\/2018\/09\/leistungen-modellgusstechnik-800x180.jpg 800w, https:\/\/www.dentallabor-schoetz.de\/wp-content\/uploads\/2018\/09\/leistungen-modellgusstechnik.jpg 1200w\" sizes=\"(max-width: 800px) 100vw, 1200px\" \/><\/span><div class=\"fusion-clearfix\"><\/div><\/div><\/div><\/div><\/div><div class=\"fusion-fullwidth fullwidth-box fusion-builder-row-2 nonhundred-percent-fullwidth non-hundred-percent-height-scrolling\" style=\"background-color: #6d6e71;background-position: center center;background-repeat: no-repeat;padding-top:0px;padding-right:0px;padding-bottom:0px;padding-left:0px;margin-bottom: 0px;margin-top: 0px;border-width: 0px 0px 0px 0px;border-color:#eae9e9;border-style:solid;\" ><div class=\"fusion-builder-row fusion-row\"><div class=\"fusion-layout-column fusion_builder_column fusion-builder-column-1 fusion_builder_column_1_1 1_1 fusion-one-full fusion-column-first fusion-column-last\" style=\"margin-top:0px;margin-bottom:20px;\"><div class=\"fusion-column-wrapper fusion-flex-column-wrapper-legacy\" style=\"background-position:left top;background-repeat:no-repeat;-webkit-background-size:cover;-moz-background-size:cover;-o-background-size:cover;background-size:cover;padding: 0px 0px 0px 0px;\"><div class=\"fusion-text fusion-text-1\"><p>Fehlende Z\u00e4hne im Ober- oder Unterkiefer lassen sich auch durch sogenannte Modellgu\u00dfprothesen ersetzen. Diese funktionieren \u00fcber starre metallische Klammern, welche \u00fcber die l\u00fcckenbegrenzenden Z\u00e4hne rutschen und mit einem metallischen Basisk\u00f6rper verbunden sind.\u00a0Fehlende Z\u00e4hne werden erg\u00e4nzt und in die Metallbasis eingearbeitet.<\/p>\n<p>Mitunter beeintr\u00e4chtigen Modellgu\u00dfprothesen die \u00c4sthetik, weil Klammerelemente im sichtbaren Bereich als st\u00f6rend empfunden werden.<\/p>\n<p>Modellgu\u00dfprothesen geh\u00f6ren in den Bereich des herausnehmbaren Zahnersatzes und m\u00fcssen vom Patienten gereinigt und gepflegt werden.<\/p>\n<\/div><div class=\"fusion-sep-clear\"><\/div><div class=\"fusion-separator fusion-full-width-sep\" style=\"margin-left: auto;margin-right: auto;margin-top:10px;margin-bottom:10px;width:100%;max-width:100%;\"><div class=\"fusion-separator-border sep-single sep-solid\" style=\"border-color:#a6ce3f;border-top-width:2px;\"><\/div><\/div><div class=\"fusion-sep-clear\"><\/div><div class=\"fusion-clearfix\"><\/div><\/div><\/div><\/div><\/div><div class=\"fusion-fullwidth fullwidth-box fusion-builder-row-3 nonhundred-percent-fullwidth non-hundred-percent-height-scrolling\" style=\"background-color: #6d6e71;background-position: center center;background-repeat: no-repeat;padding-top:0px;padding-right:0px;padding-bottom:0px;padding-left:0px;margin-bottom: 0px;margin-top: 0px;border-width: 0px 0px 0px 0px;border-color:#eae9e9;border-style:solid;\" ><div class=\"fusion-builder-row fusion-row\"><div class=\"fusion-layout-column fusion_builder_column fusion-builder-column-2 fusion_builder_column_1_1 1_1 fusion-one-full fusion-column-first fusion-column-last\" style=\"margin-top:0px;margin-bottom:20px;\"><div class=\"fusion-column-wrapper fusion-flex-column-wrapper-legacy\" style=\"background-position:left top;background-repeat:no-repeat;-webkit-background-size:cover;-moz-background-size:cover;-o-background-size:cover;background-size:cover;padding: 0px 0px 0px 0px;\"><style type=\"text\/css\">.fusion-gallery-1 .fusion-gallery-image {border:1px solid #bcbdc0;}<\/style><div class=\"fusion-gallery fusion-gallery-container fusion-grid-3 fusion-columns-total-3 fusion-gallery-layout-grid fusion-gallery-1\" style=\"margin:-2px;\"><div style=\"padding:2.5px;\" class=\"fusion-grid-column fusion-gallery-column fusion-gallery-column-3 hover-type-none\"><div class=\"fusion-gallery-image\"><a href=\"https:\/\/www.dentallabor-schoetz.de\/wp-content\/uploads\/2018\/09\/leistungen-modellgusstechnik-01.jpg\" rel=\"noreferrer\" data-rel=\"iLightbox[gallery_image_1]\" class=\"fusion-lightbox\"><img decoding=\"async\" src=\"https:\/\/www.dentallabor-schoetz.de\/wp-content\/uploads\/2018\/09\/leistungen-modellgusstechnik-01.jpg\" width=\"800\" height=\"600\" alt=\"\" title=\"leistungen-modellgusstechnik-01\" aria-label=\"leistungen-modellgusstechnik-01\" class=\"img-responsive wp-image-12064\" srcset=\"https:\/\/www.dentallabor-schoetz.de\/wp-content\/uploads\/2018\/09\/leistungen-modellgusstechnik-01-200x150.jpg 200w, https:\/\/www.dentallabor-schoetz.de\/wp-content\/uploads\/2018\/09\/leistungen-modellgusstechnik-01-400x300.jpg 400w, https:\/\/www.dentallabor-schoetz.de\/wp-content\/uploads\/2018\/09\/leistungen-modellgusstechnik-01-600x450.jpg 600w, https:\/\/www.dentallabor-schoetz.de\/wp-content\/uploads\/2018\/09\/leistungen-modellgusstechnik-01.jpg 800w\" sizes=\"(min-width: 2200px) 100vw, (min-width: 824px) 399px, (min-width: 732px) 598px, (min-width: 640px) 732px, \" \/><\/a><\/div><\/div><div style=\"padding:2.5px;\" class=\"fusion-grid-column fusion-gallery-column fusion-gallery-column-3 hover-type-none\"><div class=\"fusion-gallery-image\"><a href=\"https:\/\/www.dentallabor-schoetz.de\/wp-content\/uploads\/2018\/09\/leistungen-modellgusstechnik-02.jpg\" rel=\"noreferrer\" data-rel=\"iLightbox[gallery_image_1]\" class=\"fusion-lightbox\"><img decoding=\"async\" src=\"https:\/\/www.dentallabor-schoetz.de\/wp-content\/uploads\/2018\/09\/leistungen-modellgusstechnik-02.jpg\" width=\"800\" height=\"600\" alt=\"\" title=\"leistungen-modellgusstechnik-02\" aria-label=\"leistungen-modellgusstechnik-02\" class=\"img-responsive wp-image-12065\" srcset=\"https:\/\/www.dentallabor-schoetz.de\/wp-content\/uploads\/2018\/09\/leistungen-modellgusstechnik-02-200x150.jpg 200w, https:\/\/www.dentallabor-schoetz.de\/wp-content\/uploads\/2018\/09\/leistungen-modellgusstechnik-02-400x300.jpg 400w, https:\/\/www.dentallabor-schoetz.de\/wp-content\/uploads\/2018\/09\/leistungen-modellgusstechnik-02-600x450.jpg 600w, https:\/\/www.dentallabor-schoetz.de\/wp-content\/uploads\/2018\/09\/leistungen-modellgusstechnik-02.jpg 800w\" sizes=\"(min-width: 2200px) 100vw, (min-width: 824px) 399px, (min-width: 732px) 598px, (min-width: 640px) 732px, \" \/><\/a><\/div><\/div><div style=\"padding:2.5px;\" class=\"fusion-grid-column fusion-gallery-column fusion-gallery-column-3 hover-type-none\"><div class=\"fusion-gallery-image\"><a href=\"https:\/\/www.dentallabor-schoetz.de\/wp-content\/uploads\/2018\/09\/leistungen-modellgusstechnik-03.jpg\" rel=\"noreferrer\" data-rel=\"iLightbox[gallery_image_1]\" class=\"fusion-lightbox\"><img decoding=\"async\" src=\"https:\/\/www.dentallabor-schoetz.de\/wp-content\/uploads\/2018\/09\/leistungen-modellgusstechnik-03.jpg\" width=\"800\" height=\"600\" alt=\"\" title=\"leistungen-modellgusstechnik-03\" aria-label=\"leistungen-modellgusstechnik-03\" class=\"img-responsive wp-image-12066\" srcset=\"https:\/\/www.dentallabor-schoetz.de\/wp-content\/uploads\/2018\/09\/leistungen-modellgusstechnik-03-200x150.jpg 200w, https:\/\/www.dentallabor-schoetz.de\/wp-content\/uploads\/2018\/09\/leistungen-modellgusstechnik-03-400x300.jpg 400w, https:\/\/www.dentallabor-schoetz.de\/wp-content\/uploads\/2018\/09\/leistungen-modellgusstechnik-03-600x450.jpg 600w, https:\/\/www.dentallabor-schoetz.de\/wp-content\/uploads\/2018\/09\/leistungen-modellgusstechnik-03.jpg 800w\" sizes=\"(min-width: 2200px) 100vw, (min-width: 824px) 399px, (min-width: 732px) 598px, (min-width: 640px) 732px, \" \/><\/a><\/div><\/div><div class=\"clearfix\"><\/div><\/div><div class=\"fusion-clearfix\"><\/div><\/div><\/div><\/div><\/div><\/p>\n","protected":false},"excerpt":{"rendered":"","protected":false},"author":3,"featured_media":0,"parent":0,"menu_order":0,"comment_status":"closed","ping_status":"closed","template":"","meta":{"footnotes":""},"class_list":["post-12061","page","type-page","status-publish","hentry"],"_links":{"self":[{"href":"https:\/\/www.dentallabor-schoetz.de\/index.php\/wp-json\/wp\/v2\/pages\/12061","targetHints":{"allow":["GET"]}}],"collection":[{"href":"https:\/\/www.dentallabor-schoetz.de\/index.php\/wp-json\/wp\/v2\/pages"}],"about":[{"href":"https:\/\/www.dentallabor-schoetz.de\/index.php\/wp-json\/wp\/v2\/types\/page"}],"author":[{"embeddable":true,"href":"https:\/\/www.dentallabor-schoetz.de\/index.php\/wp-json\/wp\/v2\/users\/3"}],"replies":[{"embeddable":true,"href":"https:\/\/www.dentallabor-schoetz.de\/index.php\/wp-json\/wp\/v2\/comments?post=12061"}],"version-history":[{"count":3,"href":"https:\/\/www.dentallabor-schoetz.de\/index.php\/wp-json\/wp\/v2\/pages\/12061\/revisions"}],"predecessor-version":[{"id":12220,"href":"https:\/\/www.dentallabor-schoetz.de\/index.php\/wp-json\/wp\/v2\/pages\/12061\/revisions\/12220"}],"wp:attachment":[{"href":"https:\/\/www.dentallabor-schoetz.de\/index.php\/wp-json\/wp\/v2\/media?parent=12061"}],"curies":[{"name":"wp","href":"https:\/\/api.w.org\/{rel}","templated":true}]}}