{"id":12022,"date":"2018-09-11T07:45:27","date_gmt":"2018-09-11T07:45:27","guid":{"rendered":"https:\/\/wp.dentallabor-schoetz.de\/?page_id=12022"},"modified":"2023-09-05T12:13:53","modified_gmt":"2023-09-05T10:13:53","slug":"veneer-verblendschale","status":"publish","type":"page","link":"https:\/\/www.dentallabor-schoetz.de\/index.php\/veneer-verblendschale\/","title":{"rendered":"Veneer \/ Verblendschale"},"content":{"rendered":"<p><div class=\"fusion-fullwidth fullwidth-box fusion-builder-row-1 nonhundred-percent-fullwidth non-hundred-percent-height-scrolling\" style=\"background-color: #6d6e71;background-position: center center;background-repeat: no-repeat;padding-top:0px;padding-right:0px;padding-bottom:0px;padding-left:0px;margin-bottom: 0px;margin-top: 0px;border-width: 0px 0px 0px 0px;border-color:#eae9e9;border-style:solid;\" ><div class=\"fusion-builder-row fusion-row\"><div class=\"fusion-layout-column fusion_builder_column fusion-builder-column-0 fusion_builder_column_1_1 1_1 fusion-one-full fusion-column-first fusion-column-last\" style=\"margin-top:0px;margin-bottom:20px;\"><div class=\"fusion-column-wrapper fusion-flex-column-wrapper-legacy\" style=\"background-position:left top;background-repeat:no-repeat;-webkit-background-size:cover;-moz-background-size:cover;-o-background-size:cover;background-size:cover;background-color:#6d6e71;padding: 0px 0px 0px 0px;\"><span class=\" fusion-imageframe imageframe-dropshadow imageframe-1 hover-type-none\" style=\"-webkit-box-shadow: 3px 3px 7px rgba(0,0,0,0.3);box-shadow: 3px 3px 7px rgba(0,0,0,0.3);\"><img decoding=\"async\" width=\"1200\" height=\"270\" title=\"leistungen-veneer\" src=\"http:\/\/www.dentallabor-schoetz.de\/wp-content\/uploads\/2018\/09\/leistungen-veneer-1200x270.jpg\" class=\"img-responsive wp-image-12024\" srcset=\"https:\/\/www.dentallabor-schoetz.de\/wp-content\/uploads\/2018\/09\/leistungen-veneer-200x45.jpg 200w, https:\/\/www.dentallabor-schoetz.de\/wp-content\/uploads\/2018\/09\/leistungen-veneer-400x90.jpg 400w, https:\/\/www.dentallabor-schoetz.de\/wp-content\/uploads\/2018\/09\/leistungen-veneer-600x135.jpg 600w, https:\/\/www.dentallabor-schoetz.de\/wp-content\/uploads\/2018\/09\/leistungen-veneer-800x180.jpg 800w, https:\/\/www.dentallabor-schoetz.de\/wp-content\/uploads\/2018\/09\/leistungen-veneer.jpg 1200w\" sizes=\"(max-width: 800px) 100vw, 1200px\" \/><\/span><div class=\"fusion-clearfix\"><\/div><\/div><\/div><\/div><\/div><div class=\"fusion-fullwidth fullwidth-box fusion-builder-row-2 nonhundred-percent-fullwidth non-hundred-percent-height-scrolling\" style=\"background-color: #6d6e71;background-position: center center;background-repeat: no-repeat;padding-top:0px;padding-right:0px;padding-bottom:0px;padding-left:0px;margin-bottom: 0px;margin-top: 0px;border-width: 0px 0px 0px 0px;border-color:#eae9e9;border-style:solid;\" ><div class=\"fusion-builder-row fusion-row\"><div class=\"fusion-layout-column fusion_builder_column fusion-builder-column-1 fusion_builder_column_1_1 1_1 fusion-one-full fusion-column-first fusion-column-last\" style=\"margin-top:0px;margin-bottom:20px;\"><div class=\"fusion-column-wrapper fusion-flex-column-wrapper-legacy\" style=\"background-position:left top;background-repeat:no-repeat;-webkit-background-size:cover;-moz-background-size:cover;-o-background-size:cover;background-size:cover;padding: 0px 0px 0px 0px;\"><div class=\"fusion-text fusion-text-1\"><p>Der Blick in den Spiegel t\u00e4uscht nicht dar\u00fcber hinweg, dass kleine Disharmonien im Frontzahngebiet das Auge des Betrachters irritieren.<\/p>\n<p>Ob kleine Fehlstellungen, leichte Verschachtelungen, Zahnfrakturen, F\u00fcllungen, Abplatzungen oder Verf\u00e4rbungen, die \u00c4sthetik des Gesichts ist gest\u00f6rt.<br \/>\nBei Handlungsbedarf w\u00e4re ein Veneer eine sehr \u00e4sthetische Variante zur Verbesserung der Situation. Die d\u00fcnnen keramischen Verblendschalen werden auf die nat\u00fcrlichen Z\u00e4hne geklebt und sind eine sehr substanzschonende Alternative zu einer Krone.<\/p>\n<p>Diese f\u00fcr uns sehr anspruchsvolle T\u00e4tigkeit setzt eine enge Zusammenarbeit zwischen Patient, Zahnarzt und Zahntechniker voraus.<br \/>\nInformationen wie Fotodokumentationen, Bestimmung der Zahn- und Stumpffarben, funktionelle Aspekte und vorbereitende Arbeiten haben wesentlichen Einfluss auf das Ergebnis. Somit k\u00f6nnen wir das tats\u00e4chlich Machbare analysieren, um es mit den Erwartungen des Patienten abzugleichen.<\/p>\n<\/div><div class=\"fusion-sep-clear\"><\/div><div class=\"fusion-separator fusion-full-width-sep\" style=\"margin-left: auto;margin-right: auto;margin-top:10px;margin-bottom:10px;width:100%;max-width:100%;\"><div class=\"fusion-separator-border sep-single sep-solid\" style=\"border-color:#a6ce3f;border-top-width:2px;\"><\/div><\/div><div class=\"fusion-sep-clear\"><\/div><div class=\"fusion-clearfix\"><\/div><\/div><\/div><\/div><\/div><div class=\"fusion-fullwidth fullwidth-box fusion-builder-row-3 nonhundred-percent-fullwidth non-hundred-percent-height-scrolling\" style=\"background-color: #6d6e71;background-position: center center;background-repeat: no-repeat;padding-top:0px;padding-right:0px;padding-bottom:0px;padding-left:0px;margin-bottom: 0px;margin-top: 0px;border-width: 0px 0px 0px 0px;border-color:#eae9e9;border-style:solid;\" ><div class=\"fusion-builder-row fusion-row\"><div class=\"fusion-layout-column fusion_builder_column fusion-builder-column-2 fusion_builder_column_1_1 1_1 fusion-one-full fusion-column-first fusion-column-last\" style=\"margin-top:0px;margin-bottom:20px;\"><div class=\"fusion-column-wrapper fusion-flex-column-wrapper-legacy\" style=\"background-position:left top;background-repeat:no-repeat;-webkit-background-size:cover;-moz-background-size:cover;-o-background-size:cover;background-size:cover;padding: 0px 0px 0px 0px;\"><style type=\"text\/css\">.fusion-gallery-1 .fusion-gallery-image {border:1px solid #bcbdc0;}<\/style><div class=\"fusion-gallery fusion-gallery-container fusion-grid-3 fusion-columns-total-3 fusion-gallery-layout-grid fusion-gallery-1\" style=\"margin:-5px;\"><div style=\"padding:5px;\" class=\"fusion-grid-column fusion-gallery-column fusion-gallery-column-3 hover-type-none\"><div class=\"fusion-gallery-image\"><a href=\"https:\/\/www.dentallabor-schoetz.de\/wp-content\/uploads\/2018\/09\/leistungen-veneer-01.jpg\" data-title=\"leistungen-veneer-01\" title=\"leistungen-veneer-01\" rel=\"noreferrer\" data-rel=\"iLightbox[gallery_image_1]\" class=\"fusion-lightbox\" target=\"_self\"><img decoding=\"async\" src=\"https:\/\/www.dentallabor-schoetz.de\/wp-content\/uploads\/2018\/09\/leistungen-veneer-01.jpg\" width=\"800\" height=\"600\" alt=\"\" title=\"leistungen-veneer-01\" aria-label=\"leistungen-veneer-01\" class=\"img-responsive wp-image-12025\" srcset=\"https:\/\/www.dentallabor-schoetz.de\/wp-content\/uploads\/2018\/09\/leistungen-veneer-01-200x150.jpg 200w, https:\/\/www.dentallabor-schoetz.de\/wp-content\/uploads\/2018\/09\/leistungen-veneer-01-400x300.jpg 400w, https:\/\/www.dentallabor-schoetz.de\/wp-content\/uploads\/2018\/09\/leistungen-veneer-01-600x450.jpg 600w, https:\/\/www.dentallabor-schoetz.de\/wp-content\/uploads\/2018\/09\/leistungen-veneer-01.jpg 800w\" sizes=\"(min-width: 2200px) 100vw, (min-width: 824px) 397px, (min-width: 732px) 595px, (min-width: 640px) 732px, \" \/><\/a><\/div><\/div><div style=\"padding:5px;\" class=\"fusion-grid-column fusion-gallery-column fusion-gallery-column-3 hover-type-none\"><div class=\"fusion-gallery-image\"><a href=\"https:\/\/www.dentallabor-schoetz.de\/wp-content\/uploads\/2018\/09\/leistungen-veneer-02.jpg\" data-title=\"leistungen-veneer-02\" title=\"leistungen-veneer-02\" rel=\"noreferrer\" data-rel=\"iLightbox[gallery_image_1]\" class=\"fusion-lightbox\" target=\"_self\"><img decoding=\"async\" src=\"https:\/\/www.dentallabor-schoetz.de\/wp-content\/uploads\/2018\/09\/leistungen-veneer-02.jpg\" width=\"800\" height=\"600\" alt=\"\" title=\"leistungen-veneer-02\" aria-label=\"leistungen-veneer-02\" class=\"img-responsive wp-image-12026\" srcset=\"https:\/\/www.dentallabor-schoetz.de\/wp-content\/uploads\/2018\/09\/leistungen-veneer-02-200x150.jpg 200w, https:\/\/www.dentallabor-schoetz.de\/wp-content\/uploads\/2018\/09\/leistungen-veneer-02-400x300.jpg 400w, https:\/\/www.dentallabor-schoetz.de\/wp-content\/uploads\/2018\/09\/leistungen-veneer-02-600x450.jpg 600w, https:\/\/www.dentallabor-schoetz.de\/wp-content\/uploads\/2018\/09\/leistungen-veneer-02.jpg 800w\" sizes=\"(min-width: 2200px) 100vw, (min-width: 824px) 397px, (min-width: 732px) 595px, (min-width: 640px) 732px, \" \/><\/a><\/div><\/div><div style=\"padding:5px;\" class=\"fusion-grid-column fusion-gallery-column fusion-gallery-column-3 hover-type-none\"><div class=\"fusion-gallery-image\"><a href=\"https:\/\/www.dentallabor-schoetz.de\/wp-content\/uploads\/2018\/09\/leistungen-veneer-03.jpg\" data-title=\"leistungen-veneer-03\" title=\"leistungen-veneer-03\" rel=\"noreferrer\" data-rel=\"iLightbox[gallery_image_1]\" class=\"fusion-lightbox\" target=\"_self\"><img decoding=\"async\" src=\"https:\/\/www.dentallabor-schoetz.de\/wp-content\/uploads\/2018\/09\/leistungen-veneer-03.jpg\" width=\"800\" height=\"600\" alt=\"\" title=\"leistungen-veneer-03\" aria-label=\"leistungen-veneer-03\" class=\"img-responsive wp-image-12027\" srcset=\"https:\/\/www.dentallabor-schoetz.de\/wp-content\/uploads\/2018\/09\/leistungen-veneer-03-200x150.jpg 200w, https:\/\/www.dentallabor-schoetz.de\/wp-content\/uploads\/2018\/09\/leistungen-veneer-03-400x300.jpg 400w, https:\/\/www.dentallabor-schoetz.de\/wp-content\/uploads\/2018\/09\/leistungen-veneer-03-600x450.jpg 600w, https:\/\/www.dentallabor-schoetz.de\/wp-content\/uploads\/2018\/09\/leistungen-veneer-03.jpg 800w\" sizes=\"(min-width: 2200px) 100vw, (min-width: 824px) 397px, (min-width: 732px) 595px, (min-width: 640px) 732px, \" \/><\/a><\/div><\/div><div class=\"clearfix\"><\/div><\/div><div class=\"fusion-clearfix\"><\/div><\/div><\/div><\/div><\/div><\/p>\n","protected":false},"excerpt":{"rendered":"","protected":false},"author":3,"featured_media":0,"parent":0,"menu_order":0,"comment_status":"closed","ping_status":"closed","template":"","meta":{"footnotes":""},"class_list":["post-12022","page","type-page","status-publish","hentry"],"_links":{"self":[{"href":"https:\/\/www.dentallabor-schoetz.de\/index.php\/wp-json\/wp\/v2\/pages\/12022","targetHints":{"allow":["GET"]}}],"collection":[{"href":"https:\/\/www.dentallabor-schoetz.de\/index.php\/wp-json\/wp\/v2\/pages"}],"about":[{"href":"https:\/\/www.dentallabor-schoetz.de\/index.php\/wp-json\/wp\/v2\/types\/page"}],"author":[{"embeddable":true,"href":"https:\/\/www.dentallabor-schoetz.de\/index.php\/wp-json\/wp\/v2\/users\/3"}],"replies":[{"embeddable":true,"href":"https:\/\/www.dentallabor-schoetz.de\/index.php\/wp-json\/wp\/v2\/comments?post=12022"}],"version-history":[{"count":6,"href":"https:\/\/www.dentallabor-schoetz.de\/index.php\/wp-json\/wp\/v2\/pages\/12022\/revisions"}],"predecessor-version":[{"id":12395,"href":"https:\/\/www.dentallabor-schoetz.de\/index.php\/wp-json\/wp\/v2\/pages\/12022\/revisions\/12395"}],"wp:attachment":[{"href":"https:\/\/www.dentallabor-schoetz.de\/index.php\/wp-json\/wp\/v2\/media?parent=12022"}],"curies":[{"name":"wp","href":"https:\/\/api.w.org\/{rel}","templated":true}]}}