{"id":12011,"date":"2018-09-11T07:34:15","date_gmt":"2018-09-11T07:34:15","guid":{"rendered":"https:\/\/wp.dentallabor-schoetz.de\/?page_id=12011"},"modified":"2023-09-05T12:12:37","modified_gmt":"2023-09-05T10:12:37","slug":"cad-cam-technik","status":"publish","type":"page","link":"https:\/\/www.dentallabor-schoetz.de\/index.php\/cad-cam-technik\/","title":{"rendered":"CAD\/CAM-Technik"},"content":{"rendered":"<p><div class=\"fusion-fullwidth fullwidth-box fusion-builder-row-1 nonhundred-percent-fullwidth non-hundred-percent-height-scrolling\" style=\"background-color: #6d6e71;background-position: center center;background-repeat: no-repeat;padding-top:0px;padding-right:0px;padding-bottom:0px;padding-left:0px;margin-bottom: 0px;margin-top: 0px;border-width: 0px 0px 0px 0px;border-color:#eae9e9;border-style:solid;\" ><div class=\"fusion-builder-row fusion-row\"><div class=\"fusion-layout-column fusion_builder_column fusion-builder-column-0 fusion_builder_column_1_1 1_1 fusion-one-full fusion-column-first fusion-column-last\" style=\"margin-top:0px;margin-bottom:20px;\"><div class=\"fusion-column-wrapper fusion-flex-column-wrapper-legacy\" style=\"background-position:left top;background-repeat:no-repeat;-webkit-background-size:cover;-moz-background-size:cover;-o-background-size:cover;background-size:cover;background-color:#6d6e71;padding: 0px 0px 0px 0px;\"><span class=\" fusion-imageframe imageframe-dropshadow imageframe-1 hover-type-none\" style=\"-webkit-box-shadow: 3px 3px 7px rgba(0,0,0,0.3);box-shadow: 3px 3px 7px rgba(0,0,0,0.3);\"><img decoding=\"async\" width=\"1200\" height=\"270\" title=\"leistungen-cad-cam-technik\" src=\"http:\/\/www.dentallabor-schoetz.de\/wp-content\/uploads\/2018\/09\/leistungen-cad-cam-technik-1200x270.jpg\" class=\"img-responsive wp-image-12124\" srcset=\"https:\/\/www.dentallabor-schoetz.de\/wp-content\/uploads\/2018\/09\/leistungen-cad-cam-technik-200x45.jpg 200w, https:\/\/www.dentallabor-schoetz.de\/wp-content\/uploads\/2018\/09\/leistungen-cad-cam-technik-400x90.jpg 400w, https:\/\/www.dentallabor-schoetz.de\/wp-content\/uploads\/2018\/09\/leistungen-cad-cam-technik-600x135.jpg 600w, https:\/\/www.dentallabor-schoetz.de\/wp-content\/uploads\/2018\/09\/leistungen-cad-cam-technik-800x180.jpg 800w, https:\/\/www.dentallabor-schoetz.de\/wp-content\/uploads\/2018\/09\/leistungen-cad-cam-technik.jpg 1200w\" sizes=\"(max-width: 800px) 100vw, 1200px\" \/><\/span><div class=\"fusion-clearfix\"><\/div><\/div><\/div><\/div><\/div><div class=\"fusion-fullwidth fullwidth-box fusion-builder-row-2 nonhundred-percent-fullwidth non-hundred-percent-height-scrolling\" style=\"background-color: #6d6e71;background-position: center center;background-repeat: no-repeat;padding-top:0px;padding-right:0px;padding-bottom:0px;padding-left:0px;margin-bottom: 0px;margin-top: 0px;border-width: 0px 0px 0px 0px;border-color:#eae9e9;border-style:solid;\" ><div class=\"fusion-builder-row fusion-row\"><div class=\"fusion-layout-column fusion_builder_column fusion-builder-column-1 fusion_builder_column_1_1 1_1 fusion-one-full fusion-column-first fusion-column-last\" style=\"margin-top:0px;margin-bottom:20px;\"><div class=\"fusion-column-wrapper fusion-flex-column-wrapper-legacy\" style=\"background-position:left top;background-repeat:no-repeat;-webkit-background-size:cover;-moz-background-size:cover;-o-background-size:cover;background-size:cover;padding: 0px 0px 0px 0px;\"><div class=\"fusion-text fusion-text-1\"><p>Die CAD\/CAM Technik ist ein computerunterst\u00fctztes Verfahren zur Gestaltung und Herstellung von Zahnersatzfertig- oder Halbfertigteilen.<\/p>\n<p>Patientenspezifische Modelloberfl\u00e4chen werden in einem Scanner abgelesen und in die Software \u00fcbertragen, um als virtuelles dreidimensionales Modell auf dem Bildschirm zu erscheinen. Jetzt konstruieren erfahrene Zahntechniker z.B. Kronen- und Br\u00fcckenger\u00fcste, Inlay`s, Implantataufbauten oder Aufbissschienen.<\/p>\n<p>Dieser per CAD ( computerunterst\u00fctzte Gestaltung ) erzeugte Datensatz wird an eine Fr\u00e4smaschiene gesendet, in welcher das CAM ( computerunterst\u00fctzte Fertigung ) erfolgt.<br \/>\nWir bedienen einen Scanner der neuesten Generation von der Firma Straumann und sind damit sowohl bei den Indikationen als auch in der Materialvielfalt breit aufgestellt.<\/p>\n<p>Die gefr\u00e4sten Arbeiten werden von uns auf Passung und Form gepr\u00fcft und bei Bedarf nachgearbeitet. Jetzt verblenden wir die Kronen- und Br\u00fcckenger\u00fcste akribisch und detailgetreu in Form, Farbe und mit individuellen Oberfl\u00e4chenstrukturen, je nach Patientensituation.<\/p>\n<\/div><div class=\"fusion-sep-clear\"><\/div><div class=\"fusion-separator fusion-full-width-sep\" style=\"margin-left: auto;margin-right: auto;margin-top:10px;margin-bottom:10px;width:100%;max-width:100%;\"><div class=\"fusion-separator-border sep-single sep-solid\" style=\"border-color:#a6ce3f;border-top-width:2px;\"><\/div><\/div><div class=\"fusion-sep-clear\"><\/div><div class=\"fusion-clearfix\"><\/div><\/div><\/div><\/div><\/div><div class=\"fusion-fullwidth fullwidth-box fusion-builder-row-3 nonhundred-percent-fullwidth non-hundred-percent-height-scrolling\" style=\"background-color: #6d6e71;background-position: center center;background-repeat: no-repeat;padding-top:0px;padding-right:0px;padding-bottom:0px;padding-left:0px;margin-bottom: 0px;margin-top: 0px;border-width: 0px 0px 0px 0px;border-color:#eae9e9;border-style:solid;\" ><div class=\"fusion-builder-row fusion-row\"><div class=\"fusion-layout-column fusion_builder_column fusion-builder-column-2 fusion_builder_column_1_1 1_1 fusion-one-full fusion-column-first fusion-column-last\" style=\"margin-top:0px;margin-bottom:20px;\"><div class=\"fusion-column-wrapper fusion-flex-column-wrapper-legacy\" style=\"background-position:left top;background-repeat:no-repeat;-webkit-background-size:cover;-moz-background-size:cover;-o-background-size:cover;background-size:cover;padding: 0px 0px 0px 0px;\"><style type=\"text\/css\">.fusion-gallery-1 .fusion-gallery-image {border:1px solid #bcbdc0;}<\/style><div class=\"fusion-gallery fusion-gallery-container fusion-grid-3 fusion-columns-total-3 fusion-gallery-layout-grid fusion-gallery-1\" style=\"margin:-5px;\"><div style=\"padding:5px;\" class=\"fusion-grid-column fusion-gallery-column fusion-gallery-column-3 hover-type-none\"><div class=\"fusion-gallery-image\"><a href=\"https:\/\/www.dentallabor-schoetz.de\/wp-content\/uploads\/2023\/09\/dl-schoetz-cad-cam1.jpg\" data-title=\"CAD-CAM\" title=\"CAD-CAM\" rel=\"noreferrer\" data-rel=\"iLightbox[gallery_image_1]\" class=\"fusion-lightbox\" target=\"_self\"><img decoding=\"async\" src=\"https:\/\/www.dentallabor-schoetz.de\/wp-content\/uploads\/2023\/09\/dl-schoetz-cad-cam1.jpg\" width=\"800\" height=\"600\" alt=\"\" title=\"CAD-CAM\" aria-label=\"CAD-CAM\" class=\"img-responsive wp-image-12390\" srcset=\"https:\/\/www.dentallabor-schoetz.de\/wp-content\/uploads\/2023\/09\/dl-schoetz-cad-cam1-200x150.jpg 200w, https:\/\/www.dentallabor-schoetz.de\/wp-content\/uploads\/2023\/09\/dl-schoetz-cad-cam1-400x300.jpg 400w, https:\/\/www.dentallabor-schoetz.de\/wp-content\/uploads\/2023\/09\/dl-schoetz-cad-cam1-600x450.jpg 600w, https:\/\/www.dentallabor-schoetz.de\/wp-content\/uploads\/2023\/09\/dl-schoetz-cad-cam1.jpg 800w\" sizes=\"(min-width: 2200px) 100vw, (min-width: 824px) 397px, (min-width: 732px) 595px, (min-width: 640px) 732px, \" \/><\/a><\/div><\/div><div style=\"padding:5px;\" class=\"fusion-grid-column fusion-gallery-column fusion-gallery-column-3 hover-type-none\"><div class=\"fusion-gallery-image\"><a href=\"https:\/\/www.dentallabor-schoetz.de\/wp-content\/uploads\/2023\/09\/dl-schoetz-cad-cam2.jpg\" data-title=\"CAD-CAM\" title=\"CAD-CAM\" rel=\"noreferrer\" data-rel=\"iLightbox[gallery_image_1]\" class=\"fusion-lightbox\" target=\"_self\"><img decoding=\"async\" src=\"https:\/\/www.dentallabor-schoetz.de\/wp-content\/uploads\/2023\/09\/dl-schoetz-cad-cam2.jpg\" width=\"800\" height=\"600\" alt=\"\" title=\"CAD-CAM\" aria-label=\"CAD-CAM\" class=\"img-responsive wp-image-12391\" srcset=\"https:\/\/www.dentallabor-schoetz.de\/wp-content\/uploads\/2023\/09\/dl-schoetz-cad-cam2-200x150.jpg 200w, https:\/\/www.dentallabor-schoetz.de\/wp-content\/uploads\/2023\/09\/dl-schoetz-cad-cam2-400x300.jpg 400w, https:\/\/www.dentallabor-schoetz.de\/wp-content\/uploads\/2023\/09\/dl-schoetz-cad-cam2-600x450.jpg 600w, https:\/\/www.dentallabor-schoetz.de\/wp-content\/uploads\/2023\/09\/dl-schoetz-cad-cam2.jpg 800w\" sizes=\"(min-width: 2200px) 100vw, (min-width: 824px) 397px, (min-width: 732px) 595px, (min-width: 640px) 732px, \" \/><\/a><\/div><\/div><div style=\"padding:5px;\" class=\"fusion-grid-column fusion-gallery-column fusion-gallery-column-3 hover-type-none\"><div class=\"fusion-gallery-image\"><a href=\"https:\/\/www.dentallabor-schoetz.de\/wp-content\/uploads\/2023\/09\/dl-schoetz-cad-cam0.jpg\" data-title=\"CAD-CAM\" title=\"CAD-CAM\" rel=\"noreferrer\" data-rel=\"iLightbox[gallery_image_1]\" class=\"fusion-lightbox\" target=\"_self\"><img decoding=\"async\" src=\"https:\/\/www.dentallabor-schoetz.de\/wp-content\/uploads\/2023\/09\/dl-schoetz-cad-cam0.jpg\" width=\"800\" height=\"600\" alt=\"\" title=\"CAD-CAM\" aria-label=\"CAD-CAM\" class=\"img-responsive wp-image-12389\" srcset=\"https:\/\/www.dentallabor-schoetz.de\/wp-content\/uploads\/2023\/09\/dl-schoetz-cad-cam0-200x150.jpg 200w, https:\/\/www.dentallabor-schoetz.de\/wp-content\/uploads\/2023\/09\/dl-schoetz-cad-cam0-400x300.jpg 400w, https:\/\/www.dentallabor-schoetz.de\/wp-content\/uploads\/2023\/09\/dl-schoetz-cad-cam0-600x450.jpg 600w, https:\/\/www.dentallabor-schoetz.de\/wp-content\/uploads\/2023\/09\/dl-schoetz-cad-cam0.jpg 800w\" sizes=\"(min-width: 2200px) 100vw, (min-width: 824px) 397px, (min-width: 732px) 595px, (min-width: 640px) 732px, \" \/><\/a><\/div><\/div><div class=\"clearfix\"><\/div><\/div><div class=\"fusion-clearfix\"><\/div><\/div><\/div><\/div><\/div><\/p>\n","protected":false},"excerpt":{"rendered":"","protected":false},"author":3,"featured_media":0,"parent":0,"menu_order":0,"comment_status":"closed","ping_status":"closed","template":"","meta":{"footnotes":""},"class_list":["post-12011","page","type-page","status-publish","hentry"],"_links":{"self":[{"href":"https:\/\/www.dentallabor-schoetz.de\/index.php\/wp-json\/wp\/v2\/pages\/12011","targetHints":{"allow":["GET"]}}],"collection":[{"href":"https:\/\/www.dentallabor-schoetz.de\/index.php\/wp-json\/wp\/v2\/pages"}],"about":[{"href":"https:\/\/www.dentallabor-schoetz.de\/index.php\/wp-json\/wp\/v2\/types\/page"}],"author":[{"embeddable":true,"href":"https:\/\/www.dentallabor-schoetz.de\/index.php\/wp-json\/wp\/v2\/users\/3"}],"replies":[{"embeddable":true,"href":"https:\/\/www.dentallabor-schoetz.de\/index.php\/wp-json\/wp\/v2\/comments?post=12011"}],"version-history":[{"count":9,"href":"https:\/\/www.dentallabor-schoetz.de\/index.php\/wp-json\/wp\/v2\/pages\/12011\/revisions"}],"predecessor-version":[{"id":12394,"href":"https:\/\/www.dentallabor-schoetz.de\/index.php\/wp-json\/wp\/v2\/pages\/12011\/revisions\/12394"}],"wp:attachment":[{"href":"https:\/\/www.dentallabor-schoetz.de\/index.php\/wp-json\/wp\/v2\/media?parent=12011"}],"curies":[{"name":"wp","href":"https:\/\/api.w.org\/{rel}","templated":true}]}}