{"id":11939,"date":"2018-09-05T13:41:39","date_gmt":"2018-09-05T13:41:39","guid":{"rendered":"https:\/\/wp.dentallabor-schoetz.de\/?page_id=11939"},"modified":"2023-09-05T12:21:39","modified_gmt":"2023-09-05T10:21:39","slug":"kronen-bruecken-technik","status":"publish","type":"page","link":"https:\/\/www.dentallabor-schoetz.de\/index.php\/kronen-bruecken-technik\/","title":{"rendered":"Vollkeramik"},"content":{"rendered":"<p><div class=\"fusion-fullwidth fullwidth-box fusion-builder-row-1 nonhundred-percent-fullwidth non-hundred-percent-height-scrolling\" style=\"background-color: #6d6e71;background-position: center center;background-repeat: no-repeat;padding-top:0px;padding-right:0px;padding-bottom:0px;padding-left:0px;margin-bottom: 0px;margin-top: 0px;border-width: 0px 0px 0px 0px;border-color:#eae9e9;border-style:solid;\" ><div class=\"fusion-builder-row fusion-row\"><div class=\"fusion-layout-column fusion_builder_column fusion-builder-column-0 fusion_builder_column_1_1 1_1 fusion-one-full fusion-column-first fusion-column-last\" style=\"margin-top:0px;margin-bottom:20px;\"><div class=\"fusion-column-wrapper fusion-flex-column-wrapper-legacy\" style=\"background-position:left top;background-repeat:no-repeat;-webkit-background-size:cover;-moz-background-size:cover;-o-background-size:cover;background-size:cover;background-color:#6d6e71;padding: 0px 0px 0px 0px;\"><span class=\" fusion-imageframe imageframe-dropshadow imageframe-1 hover-type-none\" style=\"-webkit-box-shadow: 3px 3px 7px rgba(0,0,0,0.3);box-shadow: 3px 3px 7px rgba(0,0,0,0.3);\"><img decoding=\"async\" width=\"1200\" height=\"270\" title=\"leistungen-kronen-bruecken-technik\" src=\"http:\/\/www.dentallabor-schoetz.de\/wp-content\/uploads\/2018\/09\/leistungen-kronen-bruecken-technik-1200x270.jpg\" class=\"img-responsive wp-image-12187\" srcset=\"https:\/\/www.dentallabor-schoetz.de\/wp-content\/uploads\/2018\/09\/leistungen-kronen-bruecken-technik-200x45.jpg 200w, https:\/\/www.dentallabor-schoetz.de\/wp-content\/uploads\/2018\/09\/leistungen-kronen-bruecken-technik-400x90.jpg 400w, https:\/\/www.dentallabor-schoetz.de\/wp-content\/uploads\/2018\/09\/leistungen-kronen-bruecken-technik-600x135.jpg 600w, https:\/\/www.dentallabor-schoetz.de\/wp-content\/uploads\/2018\/09\/leistungen-kronen-bruecken-technik-800x180.jpg 800w, https:\/\/www.dentallabor-schoetz.de\/wp-content\/uploads\/2018\/09\/leistungen-kronen-bruecken-technik.jpg 1200w\" sizes=\"(max-width: 800px) 100vw, 1200px\" \/><\/span><div class=\"fusion-clearfix\"><\/div><\/div><\/div><\/div><\/div><div class=\"fusion-fullwidth fullwidth-box fusion-builder-row-2 nonhundred-percent-fullwidth non-hundred-percent-height-scrolling\" style=\"background-color: #6d6e71;background-position: center center;background-repeat: no-repeat;padding-top:0px;padding-right:0px;padding-bottom:0px;padding-left:0px;margin-bottom: 0px;margin-top: 0px;border-width: 0px 0px 0px 0px;border-color:#eae9e9;border-style:solid;\" ><div class=\"fusion-builder-row fusion-row\"><div class=\"fusion-layout-column fusion_builder_column fusion-builder-column-1 fusion_builder_column_1_1 1_1 fusion-one-full fusion-column-first fusion-column-last\" style=\"margin-top:0px;margin-bottom:20px;\"><div class=\"fusion-column-wrapper fusion-flex-column-wrapper-legacy\" style=\"background-position:left top;background-repeat:no-repeat;-webkit-background-size:cover;-moz-background-size:cover;-o-background-size:cover;background-size:cover;padding: 0px 0px 0px 0px;\"><div class=\"fusion-text fusion-text-1\"><h3>Kronen<\/h3>\n<p>Soll ein Zahn mit einer Krone versorgt werden, ist er in aller Regel so stark zerst\u00f6rt, dass keine F\u00fcllungen mehr angezeigt sind. Zur Vorbereitung der Kronenversorgung wird der Zahn beschliffen, so dass die Krone in m\u00f6glichst allen Bereichen eine einheitliche Schichtst\u00e4rke aufweist. Entscheidungen \u00fcber die Art der Ausf\u00fchrung und das zu verwendende Material sind zu treffen.<\/p>\n<p>Eine sehr bew\u00e4hrte Variante f\u00fcr eine Kronenversorgung stellt die Metallkeramik dar. Hierbei wird auf einer auf dem jeweiligen Zahnstumpf angefertigten Metallkappe ein zahnfarbenes keramisches Verblendmaterial aufgebrannt. Dieses Ger\u00fcst kann aus verschiedenen Legierungen bestehen, in der Regel Gold- oder Silberfarben. Diese Technik verspricht eine lange Haltbarkeit und eine hohe \u00c4sthetik. In Einzelf\u00e4llen jedoch treten Irritationen im Bereich des \u00dcbergangs von der Krone zum Zahnfleisch auf mit der Folge, dass sich das Zahnfleisch zur\u00fcck zieht. Es kann zu sichtbaren metallischen Kronenr\u00e4ndern kommen.<\/p>\n<p>Eine Alternativvariante f\u00fcr eine Metallkeramikkrone ist eine vollkeramische, metallfreie Versorgung. Ausgezeichnete Ergebnisse hinsichtlich \u00c4sthetik, Gewebevertr\u00e4glichkeit und Langlebigkeit erzielen wir in unserem Labor mit Lithiumdisilikat-Kronen, gefolgt von Zirkonoxid-Kronen. Vor allem im Frontzahngebiet sind die \u00dcberg\u00e4nge von der Krone zum Zahnfleisch naturkonform.<br \/>\nDer anspruchsvolle Patient bekommt alles, was er von einer Krone erwartet.<\/p>\n<h3>Br\u00fccken<\/h3>\n<p>Vorhandene Zahnl\u00fccken sollten mit einer Br\u00fccke geschlossen werden. Hier geht es nicht vorrangig um \u00c4sthetik, sondern darum, das Kippen der l\u00fcckenbegrenzenden Z\u00e4hne zu verhindern und das \u201e Rauswachsen\u201c der Z\u00e4hne des Gegenkiefers aufzuhalten.<br \/>\nVor einer Br\u00fcckenversorgung werden die an die L\u00fccke angrenzenden Z\u00e4hne beschliffen und \u00fcberkront. Das Br\u00fcckenglied (Ersatzzahn) sitzt dazwischen und bildet mit den Kronen eine feste Einheit. Die Kaufunktion wird wiederhergestellt und das statische Gleichgewicht ebenfalls.<\/p>\n<p>Seit Jahrzehnten bew\u00e4hrt sich auch hier die Metallkeramik als zuverl\u00e4ssige, robuste und langlebige Versorgungsmethode. Ein Metallger\u00fcst aus einer gold- oder silberfarbenen Legierung wird mit einer Keramik beschichtet und vom Zahntechniker detailgetreu in Form und Farbe in die Zahnreihe eingearbeitet.<\/p>\n<p>Metallfrei k\u00f6nnen wir mit Zirkonoxid Br\u00fccken nahezu aller Spannweiten fertigen. Dieser sogenannte &#8222;wei\u00dfe Stahl&#8220; hat eine enorme Festigkeit, ist biokompatibel und mit keramischen Massen \u00e4u\u00dferst farbgetreu zu verblenden. Diese Materialkombination wirkt sehr lebendig und ist von echten Z\u00e4hnen kaum zu unterscheiden.<\/p>\n<\/div><div class=\"fusion-sep-clear\"><\/div><div class=\"fusion-separator fusion-full-width-sep\" style=\"margin-left: auto;margin-right: auto;margin-top:10px;margin-bottom:10px;width:100%;max-width:100%;\"><div class=\"fusion-separator-border sep-single sep-solid\" style=\"border-color:#a6ce3f;border-top-width:2px;\"><\/div><\/div><div class=\"fusion-sep-clear\"><\/div><div class=\"fusion-clearfix\"><\/div><\/div><\/div><\/div><\/div><div class=\"fusion-fullwidth fullwidth-box fusion-builder-row-3 nonhundred-percent-fullwidth non-hundred-percent-height-scrolling\" style=\"background-color: #6d6e71;background-position: center center;background-repeat: no-repeat;padding-top:0px;padding-right:0px;padding-bottom:0px;padding-left:0px;margin-bottom: 0px;margin-top: 0px;border-width: 0px 0px 0px 0px;border-color:#eae9e9;border-style:solid;\" ><div class=\"fusion-builder-row fusion-row\"><div class=\"fusion-layout-column fusion_builder_column fusion-builder-column-2 fusion_builder_column_1_1 1_1 fusion-one-full fusion-column-first fusion-column-last\" style=\"margin-top:0px;margin-bottom:20px;\"><div class=\"fusion-column-wrapper fusion-flex-column-wrapper-legacy\" style=\"background-position:left top;background-repeat:no-repeat;-webkit-background-size:cover;-moz-background-size:cover;-o-background-size:cover;background-size:cover;padding: 0px 0px 0px 0px;\"><div class=\"fusion-text fusion-text-2\"><h3>Vollkeramik<\/h3>\n<\/div><div class=\"fusion-text fusion-text-3\"><h4>Patientenfall<\/h4>\n<\/div><style type=\"text\/css\">.fusion-gallery-1 .fusion-gallery-image {border:1px solid #bcbdc0;}<\/style><div class=\"fusion-gallery fusion-gallery-container fusion-grid-3 fusion-columns-total-2 fusion-gallery-layout-grid fusion-gallery-1\" style=\"margin:-5px;\"><div style=\"padding:5px;\" class=\"fusion-grid-column fusion-gallery-column fusion-gallery-column-3 hover-type-none\"><div class=\"fusion-gallery-image\"><a href=\"https:\/\/www.dentallabor-schoetz.de\/wp-content\/uploads\/2018\/09\/leistungen-vollkeramik-01-1.jpg\" rel=\"noreferrer\" data-rel=\"iLightbox[gallery_image_1]\" class=\"fusion-lightbox\" target=\"_self\"><img decoding=\"async\" src=\"https:\/\/www.dentallabor-schoetz.de\/wp-content\/uploads\/2018\/09\/leistungen-vollkeramik-01-1.jpg\" width=\"800\" height=\"600\" alt=\"\" title=\"leistungen-vollkeramik-01\" aria-label=\"leistungen-vollkeramik-01\" class=\"img-responsive wp-image-12052\" srcset=\"https:\/\/www.dentallabor-schoetz.de\/wp-content\/uploads\/2018\/09\/leistungen-vollkeramik-01-1-200x150.jpg 200w, https:\/\/www.dentallabor-schoetz.de\/wp-content\/uploads\/2018\/09\/leistungen-vollkeramik-01-1-400x300.jpg 400w, https:\/\/www.dentallabor-schoetz.de\/wp-content\/uploads\/2018\/09\/leistungen-vollkeramik-01-1-600x450.jpg 600w, https:\/\/www.dentallabor-schoetz.de\/wp-content\/uploads\/2018\/09\/leistungen-vollkeramik-01-1.jpg 800w\" sizes=\"(min-width: 2200px) 100vw, (min-width: 824px) 397px, (min-width: 732px) 595px, (min-width: 640px) 732px, \" \/><\/a><\/div><\/div><div style=\"padding:5px;\" class=\"fusion-grid-column fusion-gallery-column fusion-gallery-column-3 hover-type-none\"><div class=\"fusion-gallery-image\"><a href=\"https:\/\/www.dentallabor-schoetz.de\/wp-content\/uploads\/2018\/09\/leistungen-vollkeramik-02-1.jpg\" rel=\"noreferrer\" data-rel=\"iLightbox[gallery_image_1]\" class=\"fusion-lightbox\" target=\"_self\"><img decoding=\"async\" src=\"https:\/\/www.dentallabor-schoetz.de\/wp-content\/uploads\/2018\/09\/leistungen-vollkeramik-02-1.jpg\" width=\"800\" height=\"600\" alt=\"\" title=\"leistungen-vollkeramik-02\" aria-label=\"leistungen-vollkeramik-02\" class=\"img-responsive wp-image-12053\" srcset=\"https:\/\/www.dentallabor-schoetz.de\/wp-content\/uploads\/2018\/09\/leistungen-vollkeramik-02-1-200x150.jpg 200w, https:\/\/www.dentallabor-schoetz.de\/wp-content\/uploads\/2018\/09\/leistungen-vollkeramik-02-1-400x300.jpg 400w, https:\/\/www.dentallabor-schoetz.de\/wp-content\/uploads\/2018\/09\/leistungen-vollkeramik-02-1-600x450.jpg 600w, https:\/\/www.dentallabor-schoetz.de\/wp-content\/uploads\/2018\/09\/leistungen-vollkeramik-02-1.jpg 800w\" sizes=\"(min-width: 2200px) 100vw, (min-width: 824px) 397px, (min-width: 732px) 595px, (min-width: 640px) 732px, \" \/><\/a><\/div><\/div><\/div><div class=\"fusion-text fusion-text-4\"><h4>weitere Beispiele<\/h4>\n<\/div><style type=\"text\/css\">.fusion-gallery-2 .fusion-gallery-image {border:1px solid #bcbdc0;}<\/style><div class=\"fusion-gallery fusion-gallery-container fusion-grid-3 fusion-columns-total-4 fusion-gallery-layout-grid fusion-gallery-2\" style=\"margin:-5px;\"><div style=\"padding:5px;\" class=\"fusion-grid-column fusion-gallery-column fusion-gallery-column-3 hover-type-none\"><div class=\"fusion-gallery-image\"><a href=\"https:\/\/www.dentallabor-schoetz.de\/wp-content\/uploads\/2018\/09\/leistungen-vollkeramik-03-1.jpg\" rel=\"noreferrer\" data-rel=\"iLightbox[gallery_image_2]\" class=\"fusion-lightbox\" target=\"_self\"><img decoding=\"async\" src=\"https:\/\/www.dentallabor-schoetz.de\/wp-content\/uploads\/2018\/09\/leistungen-vollkeramik-03-1.jpg\" width=\"800\" height=\"600\" alt=\"\" title=\"leistungen-vollkeramik-03\" aria-label=\"leistungen-vollkeramik-03\" class=\"img-responsive wp-image-12054\" srcset=\"https:\/\/www.dentallabor-schoetz.de\/wp-content\/uploads\/2018\/09\/leistungen-vollkeramik-03-1-200x150.jpg 200w, https:\/\/www.dentallabor-schoetz.de\/wp-content\/uploads\/2018\/09\/leistungen-vollkeramik-03-1-400x300.jpg 400w, https:\/\/www.dentallabor-schoetz.de\/wp-content\/uploads\/2018\/09\/leistungen-vollkeramik-03-1-600x450.jpg 600w, https:\/\/www.dentallabor-schoetz.de\/wp-content\/uploads\/2018\/09\/leistungen-vollkeramik-03-1.jpg 800w\" sizes=\"(min-width: 2200px) 100vw, (min-width: 824px) 397px, (min-width: 732px) 595px, (min-width: 640px) 732px, \" \/><\/a><\/div><\/div><div class=\"clearfix\"><\/div><div style=\"padding:5px;\" class=\"fusion-grid-column fusion-gallery-column fusion-gallery-column-3 hover-type-none\"><div class=\"fusion-gallery-image\"><a href=\"https:\/\/www.dentallabor-schoetz.de\/wp-content\/uploads\/2018\/09\/leistungen-vollkeramik-06-1.jpg\" rel=\"noreferrer\" data-rel=\"iLightbox[gallery_image_2]\" class=\"fusion-lightbox\" target=\"_self\"><img decoding=\"async\" src=\"https:\/\/www.dentallabor-schoetz.de\/wp-content\/uploads\/2018\/09\/leistungen-vollkeramik-06-1.jpg\" width=\"800\" height=\"600\" alt=\"\" title=\"leistungen-vollkeramik-06\" aria-label=\"leistungen-vollkeramik-06\" class=\"img-responsive wp-image-12057\" srcset=\"https:\/\/www.dentallabor-schoetz.de\/wp-content\/uploads\/2018\/09\/leistungen-vollkeramik-06-1-200x150.jpg 200w, https:\/\/www.dentallabor-schoetz.de\/wp-content\/uploads\/2018\/09\/leistungen-vollkeramik-06-1-400x300.jpg 400w, https:\/\/www.dentallabor-schoetz.de\/wp-content\/uploads\/2018\/09\/leistungen-vollkeramik-06-1-600x450.jpg 600w, https:\/\/www.dentallabor-schoetz.de\/wp-content\/uploads\/2018\/09\/leistungen-vollkeramik-06-1.jpg 800w\" sizes=\"(min-width: 2200px) 100vw, (min-width: 824px) 397px, (min-width: 732px) 595px, (min-width: 640px) 732px, \" \/><\/a><\/div><\/div><div style=\"padding:5px;\" class=\"fusion-grid-column fusion-gallery-column fusion-gallery-column-3 hover-type-none\"><div class=\"fusion-gallery-image\"><a href=\"https:\/\/www.dentallabor-schoetz.de\/wp-content\/uploads\/2023\/09\/dl-schoetz-vollkeramik-01.jpg\" rel=\"noreferrer\" data-rel=\"iLightbox[gallery_image_2]\" class=\"fusion-lightbox\" target=\"_self\"><img decoding=\"async\" src=\"https:\/\/www.dentallabor-schoetz.de\/wp-content\/uploads\/2023\/09\/dl-schoetz-vollkeramik-01.jpg\" width=\"800\" height=\"600\" alt=\"\" title=\"dl-schoetz-vollkeramik-01\" aria-label=\"dl-schoetz-vollkeramik-01\" class=\"img-responsive wp-image-12392\" srcset=\"https:\/\/www.dentallabor-schoetz.de\/wp-content\/uploads\/2023\/09\/dl-schoetz-vollkeramik-01-200x150.jpg 200w, https:\/\/www.dentallabor-schoetz.de\/wp-content\/uploads\/2023\/09\/dl-schoetz-vollkeramik-01-400x300.jpg 400w, https:\/\/www.dentallabor-schoetz.de\/wp-content\/uploads\/2023\/09\/dl-schoetz-vollkeramik-01-600x450.jpg 600w, https:\/\/www.dentallabor-schoetz.de\/wp-content\/uploads\/2023\/09\/dl-schoetz-vollkeramik-01.jpg 800w\" sizes=\"(min-width: 2200px) 100vw, (min-width: 824px) 397px, (min-width: 732px) 595px, (min-width: 640px) 732px, \" \/><\/a><\/div><\/div><div style=\"padding:5px;\" class=\"fusion-grid-column fusion-gallery-column fusion-gallery-column-3 hover-type-none\"><div class=\"fusion-gallery-image\"><a href=\"https:\/\/www.dentallabor-schoetz.de\/wp-content\/uploads\/2018\/09\/leistungen-vollkeramik-05-1.jpg\" rel=\"noreferrer\" data-rel=\"iLightbox[gallery_image_2]\" class=\"fusion-lightbox\" target=\"_self\"><img decoding=\"async\" src=\"https:\/\/www.dentallabor-schoetz.de\/wp-content\/uploads\/2018\/09\/leistungen-vollkeramik-05-1.jpg\" width=\"800\" height=\"600\" alt=\"\" title=\"leistungen-vollkeramik-05\" aria-label=\"leistungen-vollkeramik-05\" class=\"img-responsive wp-image-12056\" srcset=\"https:\/\/www.dentallabor-schoetz.de\/wp-content\/uploads\/2018\/09\/leistungen-vollkeramik-05-1-200x150.jpg 200w, https:\/\/www.dentallabor-schoetz.de\/wp-content\/uploads\/2018\/09\/leistungen-vollkeramik-05-1-400x300.jpg 400w, https:\/\/www.dentallabor-schoetz.de\/wp-content\/uploads\/2018\/09\/leistungen-vollkeramik-05-1-600x450.jpg 600w, https:\/\/www.dentallabor-schoetz.de\/wp-content\/uploads\/2018\/09\/leistungen-vollkeramik-05-1.jpg 800w\" sizes=\"(min-width: 2200px) 100vw, (min-width: 824px) 397px, (min-width: 732px) 595px, (min-width: 640px) 732px, \" \/><\/a><\/div><\/div><div class=\"clearfix\"><\/div><\/div><div class=\"fusion-text fusion-text-5\"><h3>Metallkeramik<\/h3>\n<\/div><style type=\"text\/css\">.fusion-gallery-3 .fusion-gallery-image {border:1px solid #bcbdc0;}<\/style><div class=\"fusion-gallery fusion-gallery-container fusion-grid-3 fusion-columns-total-3 fusion-gallery-layout-grid fusion-gallery-3\" style=\"margin:-2px;\"><div style=\"padding:2.5px;\" class=\"fusion-grid-column fusion-gallery-column fusion-gallery-column-3 hover-type-none\"><div class=\"fusion-gallery-image\"><a href=\"https:\/\/www.dentallabor-schoetz.de\/wp-content\/uploads\/2018\/09\/leistungen-metallkeramik-01.jpg\" rel=\"noreferrer\" data-rel=\"iLightbox[gallery_image_3]\" class=\"fusion-lightbox\" target=\"_self\"><img decoding=\"async\" src=\"https:\/\/www.dentallabor-schoetz.de\/wp-content\/uploads\/2018\/09\/leistungen-metallkeramik-01.jpg\" width=\"800\" height=\"600\" alt=\"\" title=\"leistungen-metallkeramik-01\" aria-label=\"leistungen-metallkeramik-01\" class=\"img-responsive wp-image-12032\" srcset=\"https:\/\/www.dentallabor-schoetz.de\/wp-content\/uploads\/2018\/09\/leistungen-metallkeramik-01-200x150.jpg 200w, https:\/\/www.dentallabor-schoetz.de\/wp-content\/uploads\/2018\/09\/leistungen-metallkeramik-01-400x300.jpg 400w, https:\/\/www.dentallabor-schoetz.de\/wp-content\/uploads\/2018\/09\/leistungen-metallkeramik-01-600x450.jpg 600w, https:\/\/www.dentallabor-schoetz.de\/wp-content\/uploads\/2018\/09\/leistungen-metallkeramik-01.jpg 800w\" sizes=\"(min-width: 2200px) 100vw, (min-width: 824px) 399px, (min-width: 732px) 598px, (min-width: 640px) 732px, \" \/><\/a><\/div><\/div><div style=\"padding:2.5px;\" class=\"fusion-grid-column fusion-gallery-column fusion-gallery-column-3 hover-type-none\"><div class=\"fusion-gallery-image\"><a href=\"https:\/\/www.dentallabor-schoetz.de\/wp-content\/uploads\/2018\/09\/leistungen-metallkeramik-02.jpg\" rel=\"noreferrer\" data-rel=\"iLightbox[gallery_image_3]\" class=\"fusion-lightbox\" target=\"_self\"><img decoding=\"async\" src=\"https:\/\/www.dentallabor-schoetz.de\/wp-content\/uploads\/2018\/09\/leistungen-metallkeramik-02.jpg\" width=\"800\" height=\"600\" alt=\"\" title=\"leistungen-metallkeramik-02\" aria-label=\"leistungen-metallkeramik-02\" class=\"img-responsive wp-image-12033\" srcset=\"https:\/\/www.dentallabor-schoetz.de\/wp-content\/uploads\/2018\/09\/leistungen-metallkeramik-02-200x150.jpg 200w, https:\/\/www.dentallabor-schoetz.de\/wp-content\/uploads\/2018\/09\/leistungen-metallkeramik-02-400x300.jpg 400w, https:\/\/www.dentallabor-schoetz.de\/wp-content\/uploads\/2018\/09\/leistungen-metallkeramik-02-600x450.jpg 600w, https:\/\/www.dentallabor-schoetz.de\/wp-content\/uploads\/2018\/09\/leistungen-metallkeramik-02.jpg 800w\" sizes=\"(min-width: 2200px) 100vw, (min-width: 824px) 399px, (min-width: 732px) 598px, (min-width: 640px) 732px, \" \/><\/a><\/div><\/div><div style=\"padding:2.5px;\" class=\"fusion-grid-column fusion-gallery-column fusion-gallery-column-3 hover-type-none\"><div class=\"fusion-gallery-image\"><a href=\"https:\/\/www.dentallabor-schoetz.de\/wp-content\/uploads\/2019\/03\/leistungen-metallkeramik-03a.jpg\" rel=\"noreferrer\" data-rel=\"iLightbox[gallery_image_3]\" class=\"fusion-lightbox\" target=\"_self\"><img decoding=\"async\" src=\"https:\/\/www.dentallabor-schoetz.de\/wp-content\/uploads\/2019\/03\/leistungen-metallkeramik-03a.jpg\" width=\"800\" height=\"600\" alt=\"\" title=\"leistungen-metallkeramik-03a\" aria-label=\"leistungen-metallkeramik-03a\" class=\"img-responsive wp-image-12263\" srcset=\"https:\/\/www.dentallabor-schoetz.de\/wp-content\/uploads\/2019\/03\/leistungen-metallkeramik-03a-200x150.jpg 200w, https:\/\/www.dentallabor-schoetz.de\/wp-content\/uploads\/2019\/03\/leistungen-metallkeramik-03a-400x300.jpg 400w, https:\/\/www.dentallabor-schoetz.de\/wp-content\/uploads\/2019\/03\/leistungen-metallkeramik-03a-600x450.jpg 600w, https:\/\/www.dentallabor-schoetz.de\/wp-content\/uploads\/2019\/03\/leistungen-metallkeramik-03a.jpg 800w\" sizes=\"(min-width: 2200px) 100vw, (min-width: 824px) 399px, (min-width: 732px) 598px, (min-width: 640px) 732px, \" \/><\/a><\/div><\/div><div class=\"clearfix\"><\/div><\/div><div class=\"fusion-clearfix\"><\/div><\/div><\/div><\/div><\/div><\/p>\n","protected":false},"excerpt":{"rendered":"","protected":false},"author":3,"featured_media":0,"parent":0,"menu_order":0,"comment_status":"closed","ping_status":"closed","template":"","meta":{"footnotes":""},"class_list":["post-11939","page","type-page","status-publish","hentry"],"_links":{"self":[{"href":"https:\/\/www.dentallabor-schoetz.de\/index.php\/wp-json\/wp\/v2\/pages\/11939","targetHints":{"allow":["GET"]}}],"collection":[{"href":"https:\/\/www.dentallabor-schoetz.de\/index.php\/wp-json\/wp\/v2\/pages"}],"about":[{"href":"https:\/\/www.dentallabor-schoetz.de\/index.php\/wp-json\/wp\/v2\/types\/page"}],"author":[{"embeddable":true,"href":"https:\/\/www.dentallabor-schoetz.de\/index.php\/wp-json\/wp\/v2\/users\/3"}],"replies":[{"embeddable":true,"href":"https:\/\/www.dentallabor-schoetz.de\/index.php\/wp-json\/wp\/v2\/comments?post=11939"}],"version-history":[{"count":17,"href":"https:\/\/www.dentallabor-schoetz.de\/index.php\/wp-json\/wp\/v2\/pages\/11939\/revisions"}],"predecessor-version":[{"id":12397,"href":"https:\/\/www.dentallabor-schoetz.de\/index.php\/wp-json\/wp\/v2\/pages\/11939\/revisions\/12397"}],"wp:attachment":[{"href":"https:\/\/www.dentallabor-schoetz.de\/index.php\/wp-json\/wp\/v2\/media?parent=11939"}],"curies":[{"name":"wp","href":"https:\/\/api.w.org\/{rel}","templated":true}]}}