{"id":11886,"date":"2018-09-05T10:05:48","date_gmt":"2018-09-05T10:05:48","guid":{"rendered":"https:\/\/wp.dentallabor-schoetz.de\/?page_id=11886"},"modified":"2023-09-05T12:09:43","modified_gmt":"2023-09-05T10:09:43","slug":"implantattechnik","status":"publish","type":"page","link":"https:\/\/www.dentallabor-schoetz.de\/index.php\/implantattechnik\/","title":{"rendered":"Implantattechnik"},"content":{"rendered":"<p><div class=\"fusion-fullwidth fullwidth-box fusion-builder-row-1 nonhundred-percent-fullwidth non-hundred-percent-height-scrolling\" style=\"background-color: #6d6e71;background-position: center center;background-repeat: no-repeat;padding-top:0px;padding-right:0px;padding-bottom:0px;padding-left:0px;margin-bottom: 0px;margin-top: 0px;border-width: 0px 0px 0px 0px;border-color:#eae9e9;border-style:solid;\" ><div class=\"fusion-builder-row fusion-row\"><div class=\"fusion-layout-column fusion_builder_column fusion-builder-column-0 fusion_builder_column_1_1 1_1 fusion-one-full fusion-column-first fusion-column-last\" style=\"margin-top:0px;margin-bottom:20px;\"><div class=\"fusion-column-wrapper fusion-flex-column-wrapper-legacy\" style=\"background-position:left top;background-repeat:no-repeat;-webkit-background-size:cover;-moz-background-size:cover;-o-background-size:cover;background-size:cover;background-color:#6d6e71;padding: 0px 0px 0px 0px;\"><span class=\" fusion-imageframe imageframe-dropshadow imageframe-1 hover-type-none\" style=\"-webkit-box-shadow: 3px 3px 7px rgba(0,0,0,0.3);box-shadow: 3px 3px 7px rgba(0,0,0,0.3);\"><img decoding=\"async\" width=\"1200\" height=\"270\" title=\"leistungen-implantattechnik\" src=\"http:\/\/www.dentallabor-schoetz.de\/wp-content\/uploads\/2018\/09\/leistungen-implantattechnik-1200x270.jpg\" class=\"img-responsive wp-image-12036\" srcset=\"https:\/\/www.dentallabor-schoetz.de\/wp-content\/uploads\/2018\/09\/leistungen-implantattechnik-200x45.jpg 200w, https:\/\/www.dentallabor-schoetz.de\/wp-content\/uploads\/2018\/09\/leistungen-implantattechnik-400x90.jpg 400w, https:\/\/www.dentallabor-schoetz.de\/wp-content\/uploads\/2018\/09\/leistungen-implantattechnik-600x135.jpg 600w, https:\/\/www.dentallabor-schoetz.de\/wp-content\/uploads\/2018\/09\/leistungen-implantattechnik-800x180.jpg 800w, https:\/\/www.dentallabor-schoetz.de\/wp-content\/uploads\/2018\/09\/leistungen-implantattechnik.jpg 1200w\" sizes=\"(max-width: 800px) 100vw, 1200px\" \/><\/span><div class=\"fusion-clearfix\"><\/div><\/div><\/div><\/div><\/div><div class=\"fusion-fullwidth fullwidth-box fusion-builder-row-2 nonhundred-percent-fullwidth non-hundred-percent-height-scrolling\" style=\"background-color: #6d6e71;background-position: center center;background-repeat: no-repeat;padding-top:0px;padding-right:0px;padding-bottom:0px;padding-left:0px;margin-bottom: 0px;margin-top: 0px;border-width: 0px 0px 0px 0px;border-color:#eae9e9;border-style:solid;\" ><div class=\"fusion-builder-row fusion-row\"><div class=\"fusion-layout-column fusion_builder_column fusion-builder-column-1 fusion_builder_column_1_1 1_1 fusion-one-full fusion-column-first fusion-column-last\" style=\"margin-top:0px;margin-bottom:20px;\"><div class=\"fusion-column-wrapper fusion-flex-column-wrapper-legacy\" style=\"background-position:left top;background-repeat:no-repeat;-webkit-background-size:cover;-moz-background-size:cover;-o-background-size:cover;background-size:cover;padding: 0px 0px 0px 0px;\"><div class=\"fusion-text fusion-text-1\"><p>Zahnl\u00fccken lassen sich durch implantatgetragenen Zahnersatz schlie\u00dfen. Die l\u00fcckenbegrenzenden Z\u00e4hne bleiben unbeschliffen und unversehrt.<\/p>\n<p>Zur Beurteilung der anatomischen Strukturen hat sich die Erstellung eines Datensatzes \u00fcber ein CT\/DVT bew\u00e4hrt. Dieser wird von uns in die 3D Planungssoftware coDiagnostiX\u00ae eingelesen. Kieferchirurg und Zahntechniker planen die Implantatpositionen nach prothetisch- funktionellen und \u00e4sthetischen Gesichtspunkten.<\/p>\n<p>Nun fertigen wir eine Bohrschablone, um die geplante Situation sicher in den Mund zu \u00fcbertragen und die OP-Zeit zu verk\u00fcrzen. Unser Anspruch ist es, dass Implantataufbau und Krone den Eindruck erwecken, aus dem Zahnfleisch \u201e herausgewachsen\u201c zu sein.<\/p>\n<p>Auch zahnlose Patienten k\u00f6nnen \u00fcber Implantate den Tragekomfort ihrer Prothesen erheblich verbessern. Sie sind dann nicht mehr nur schleimhautgetragen, sondern \u00fcber Verbindungselemente mit dem Implantat verankert. Somit wird dem Abheben der Prothesen beim Gebrauch entgegengewirkt.<\/p>\n<\/div><div class=\"fusion-sep-clear\"><\/div><div class=\"fusion-separator fusion-full-width-sep\" style=\"margin-left: auto;margin-right: auto;margin-top:10px;margin-bottom:10px;width:100%;max-width:100%;\"><div class=\"fusion-separator-border sep-single sep-solid\" style=\"border-color:#a6ce3f;border-top-width:2px;\"><\/div><\/div><div class=\"fusion-sep-clear\"><\/div><div class=\"fusion-clearfix\"><\/div><\/div><\/div><\/div><\/div><div class=\"fusion-fullwidth fullwidth-box fusion-builder-row-3 nonhundred-percent-fullwidth non-hundred-percent-height-scrolling\" style=\"background-color: #6d6e71;background-position: center center;background-repeat: no-repeat;padding-top:0px;padding-right:0px;padding-bottom:0px;padding-left:0px;margin-bottom: 0px;margin-top: 0px;border-width: 0px 0px 0px 0px;border-color:#eae9e9;border-style:solid;\" ><div class=\"fusion-builder-row fusion-row\"><div class=\"fusion-layout-column fusion_builder_column fusion-builder-column-2 fusion_builder_column_1_1 1_1 fusion-one-full fusion-column-first fusion-column-last\" style=\"margin-top:0px;margin-bottom:20px;\"><div class=\"fusion-column-wrapper fusion-flex-column-wrapper-legacy\" style=\"background-position:left top;background-repeat:no-repeat;-webkit-background-size:cover;-moz-background-size:cover;-o-background-size:cover;background-size:cover;padding: 0px 0px 0px 0px;\"><div class=\"fusion-text fusion-text-2\"><h4>Implantatplanung<\/h4>\n<\/div><style type=\"text\/css\">.fusion-gallery-1 .fusion-gallery-image {border:1px solid #bcbdc0;}<\/style><div class=\"fusion-gallery fusion-gallery-container fusion-grid-3 fusion-columns-total-2 fusion-gallery-layout-grid fusion-gallery-1\" style=\"margin:-5px;\"><div style=\"padding:5px;\" class=\"fusion-grid-column fusion-gallery-column fusion-gallery-column-3 hover-type-none\"><div class=\"fusion-gallery-image\"><a href=\"https:\/\/www.dentallabor-schoetz.de\/wp-content\/uploads\/2018\/09\/leistungen-implantatplanung-03.jpg\" rel=\"noreferrer\" data-rel=\"iLightbox[gallery_image_1]\" class=\"fusion-lightbox\" target=\"_self\"><img decoding=\"async\" src=\"https:\/\/www.dentallabor-schoetz.de\/wp-content\/uploads\/2018\/09\/leistungen-implantatplanung-03.jpg\" width=\"800\" height=\"600\" alt=\"\" title=\"leistungen-implantatplanung-03\" aria-label=\"leistungen-implantatplanung-03\" class=\"img-responsive wp-image-12016\" srcset=\"https:\/\/www.dentallabor-schoetz.de\/wp-content\/uploads\/2018\/09\/leistungen-implantatplanung-03-200x150.jpg 200w, https:\/\/www.dentallabor-schoetz.de\/wp-content\/uploads\/2018\/09\/leistungen-implantatplanung-03-400x300.jpg 400w, https:\/\/www.dentallabor-schoetz.de\/wp-content\/uploads\/2018\/09\/leistungen-implantatplanung-03-600x450.jpg 600w, https:\/\/www.dentallabor-schoetz.de\/wp-content\/uploads\/2018\/09\/leistungen-implantatplanung-03.jpg 800w\" sizes=\"(min-width: 2200px) 100vw, (min-width: 824px) 397px, (min-width: 732px) 595px, (min-width: 640px) 732px, \" \/><\/a><\/div><\/div><div style=\"padding:5px;\" class=\"fusion-grid-column fusion-gallery-column fusion-gallery-column-3 hover-type-none\"><div class=\"fusion-gallery-image\"><a href=\"https:\/\/www.dentallabor-schoetz.de\/wp-content\/uploads\/2018\/09\/leistungen-implantatplanung-02.jpg\" rel=\"noreferrer\" data-rel=\"iLightbox[gallery_image_1]\" class=\"fusion-lightbox\" target=\"_self\"><img decoding=\"async\" src=\"https:\/\/www.dentallabor-schoetz.de\/wp-content\/uploads\/2018\/09\/leistungen-implantatplanung-02.jpg\" width=\"800\" height=\"600\" alt=\"\" title=\"leistungen-implantatplanung-02\" aria-label=\"leistungen-implantatplanung-02\" class=\"img-responsive wp-image-12015\" srcset=\"https:\/\/www.dentallabor-schoetz.de\/wp-content\/uploads\/2018\/09\/leistungen-implantatplanung-02-200x150.jpg 200w, https:\/\/www.dentallabor-schoetz.de\/wp-content\/uploads\/2018\/09\/leistungen-implantatplanung-02-400x300.jpg 400w, https:\/\/www.dentallabor-schoetz.de\/wp-content\/uploads\/2018\/09\/leistungen-implantatplanung-02-600x450.jpg 600w, https:\/\/www.dentallabor-schoetz.de\/wp-content\/uploads\/2018\/09\/leistungen-implantatplanung-02.jpg 800w\" sizes=\"(min-width: 2200px) 100vw, (min-width: 824px) 397px, (min-width: 732px) 595px, (min-width: 640px) 732px, \" \/><\/a><\/div><\/div><\/div><div class=\"fusion-text fusion-text-3\"><h4>Implantat im Knochen<\/h4>\n<\/div><style type=\"text\/css\">.fusion-gallery-2 .fusion-gallery-image {border:1px solid #bcbdc0;}<\/style><div class=\"fusion-gallery fusion-gallery-container fusion-grid-3 fusion-columns-total-1 fusion-gallery-layout-grid fusion-gallery-2\" style=\"margin:-5px;\"><div style=\"padding:5px;\" class=\"fusion-grid-column fusion-gallery-column fusion-gallery-column-3 hover-type-none\"><div class=\"fusion-gallery-image\"><a href=\"https:\/\/www.dentallabor-schoetz.de\/wp-content\/uploads\/2018\/09\/leistungen-implantattechnik-01.jpg\" rel=\"noreferrer\" data-rel=\"iLightbox[gallery_image_2]\" class=\"fusion-lightbox\" target=\"_self\"><img decoding=\"async\" src=\"https:\/\/www.dentallabor-schoetz.de\/wp-content\/uploads\/2018\/09\/leistungen-implantattechnik-01.jpg\" width=\"800\" height=\"600\" alt=\"\" title=\"leistungen-implantattechnik-01\" aria-label=\"leistungen-implantattechnik-01\" class=\"img-responsive wp-image-12037\" srcset=\"https:\/\/www.dentallabor-schoetz.de\/wp-content\/uploads\/2018\/09\/leistungen-implantattechnik-01-200x150.jpg 200w, https:\/\/www.dentallabor-schoetz.de\/wp-content\/uploads\/2018\/09\/leistungen-implantattechnik-01-400x300.jpg 400w, https:\/\/www.dentallabor-schoetz.de\/wp-content\/uploads\/2018\/09\/leistungen-implantattechnik-01-600x450.jpg 600w, https:\/\/www.dentallabor-schoetz.de\/wp-content\/uploads\/2018\/09\/leistungen-implantattechnik-01.jpg 800w\" sizes=\"(min-width: 2200px) 100vw, (min-width: 824px) 397px, (min-width: 732px) 595px, (min-width: 640px) 732px, \" \/><\/a><\/div><\/div><div class=\"clearfix\"><\/div><\/div><div class=\"fusion-text fusion-text-4\"><h4>1. Patientenfall<\/h4>\n<\/div><style type=\"text\/css\">.fusion-gallery-3 .fusion-gallery-image {border:1px solid #bcbdc0;}<\/style><div class=\"fusion-gallery fusion-gallery-container fusion-grid-3 fusion-columns-total-2 fusion-gallery-layout-grid fusion-gallery-3\" style=\"margin:-5px;\"><div style=\"padding:5px;\" class=\"fusion-grid-column fusion-gallery-column fusion-gallery-column-3 hover-type-none\"><div class=\"fusion-gallery-image\"><a href=\"https:\/\/www.dentallabor-schoetz.de\/wp-content\/uploads\/2018\/09\/leistungen-implantattechnik-02.jpg\" rel=\"noreferrer\" data-rel=\"iLightbox[gallery_image_3]\" class=\"fusion-lightbox\" target=\"_self\"><img decoding=\"async\" src=\"https:\/\/www.dentallabor-schoetz.de\/wp-content\/uploads\/2018\/09\/leistungen-implantattechnik-02.jpg\" width=\"800\" height=\"600\" alt=\"\" title=\"leistungen-implantattechnik-02\" aria-label=\"leistungen-implantattechnik-02\" class=\"img-responsive wp-image-12038\" srcset=\"https:\/\/www.dentallabor-schoetz.de\/wp-content\/uploads\/2018\/09\/leistungen-implantattechnik-02-200x150.jpg 200w, https:\/\/www.dentallabor-schoetz.de\/wp-content\/uploads\/2018\/09\/leistungen-implantattechnik-02-400x300.jpg 400w, https:\/\/www.dentallabor-schoetz.de\/wp-content\/uploads\/2018\/09\/leistungen-implantattechnik-02-600x450.jpg 600w, https:\/\/www.dentallabor-schoetz.de\/wp-content\/uploads\/2018\/09\/leistungen-implantattechnik-02.jpg 800w\" sizes=\"(min-width: 2200px) 100vw, (min-width: 824px) 397px, (min-width: 732px) 595px, (min-width: 640px) 732px, \" \/><\/a><\/div><\/div><div style=\"padding:5px;\" class=\"fusion-grid-column fusion-gallery-column fusion-gallery-column-3 hover-type-none\"><div class=\"fusion-gallery-image\"><a href=\"https:\/\/www.dentallabor-schoetz.de\/wp-content\/uploads\/2018\/09\/leistungen-implantattechnik-03.jpg\" rel=\"noreferrer\" data-rel=\"iLightbox[gallery_image_3]\" class=\"fusion-lightbox\" target=\"_self\"><img decoding=\"async\" src=\"https:\/\/www.dentallabor-schoetz.de\/wp-content\/uploads\/2018\/09\/leistungen-implantattechnik-03.jpg\" width=\"800\" height=\"600\" alt=\"\" title=\"leistungen-implantattechnik-03\" aria-label=\"leistungen-implantattechnik-03\" class=\"img-responsive wp-image-12039\" srcset=\"https:\/\/www.dentallabor-schoetz.de\/wp-content\/uploads\/2018\/09\/leistungen-implantattechnik-03-200x150.jpg 200w, https:\/\/www.dentallabor-schoetz.de\/wp-content\/uploads\/2018\/09\/leistungen-implantattechnik-03-400x300.jpg 400w, https:\/\/www.dentallabor-schoetz.de\/wp-content\/uploads\/2018\/09\/leistungen-implantattechnik-03-600x450.jpg 600w, https:\/\/www.dentallabor-schoetz.de\/wp-content\/uploads\/2018\/09\/leistungen-implantattechnik-03.jpg 800w\" sizes=\"(min-width: 2200px) 100vw, (min-width: 824px) 397px, (min-width: 732px) 595px, (min-width: 640px) 732px, \" \/><\/a><\/div><\/div><\/div><div class=\"fusion-text fusion-text-5\"><h4>2. Patientenfall<\/h4>\n<\/div><style type=\"text\/css\">.fusion-gallery-4 .fusion-gallery-image {border:1px solid #bcbdc0;}<\/style><div class=\"fusion-gallery fusion-gallery-container fusion-grid-3 fusion-columns-total-6 fusion-gallery-layout-grid fusion-gallery-4\" style=\"margin:-5px;\"><div style=\"padding:5px;\" class=\"fusion-grid-column fusion-gallery-column fusion-gallery-column-3 hover-type-none\"><div class=\"fusion-gallery-image\"><a href=\"https:\/\/www.dentallabor-schoetz.de\/wp-content\/uploads\/2019\/03\/leistungen-implantattechnik-a-01.jpg\" rel=\"noreferrer\" data-rel=\"iLightbox[gallery_image_4]\" class=\"fusion-lightbox\" target=\"_self\"><img decoding=\"async\" src=\"https:\/\/www.dentallabor-schoetz.de\/wp-content\/uploads\/2019\/03\/leistungen-implantattechnik-a-01.jpg\" width=\"800\" height=\"600\" alt=\"\" title=\"leistungen-implantattechnik-a-01\" aria-label=\"leistungen-implantattechnik-a-01\" class=\"img-responsive wp-image-12255\" srcset=\"https:\/\/www.dentallabor-schoetz.de\/wp-content\/uploads\/2019\/03\/leistungen-implantattechnik-a-01-200x150.jpg 200w, https:\/\/www.dentallabor-schoetz.de\/wp-content\/uploads\/2019\/03\/leistungen-implantattechnik-a-01-400x300.jpg 400w, https:\/\/www.dentallabor-schoetz.de\/wp-content\/uploads\/2019\/03\/leistungen-implantattechnik-a-01-600x450.jpg 600w, https:\/\/www.dentallabor-schoetz.de\/wp-content\/uploads\/2019\/03\/leistungen-implantattechnik-a-01.jpg 800w\" sizes=\"(min-width: 2200px) 100vw, (min-width: 824px) 397px, (min-width: 732px) 595px, (min-width: 640px) 732px, \" \/><\/a><\/div><\/div><div class=\"clearfix\"><\/div><div style=\"padding:5px;\" class=\"fusion-grid-column fusion-gallery-column fusion-gallery-column-3 hover-type-none\"><div class=\"fusion-gallery-image\"><a href=\"https:\/\/www.dentallabor-schoetz.de\/wp-content\/uploads\/2019\/03\/leistungen-implantattechnik-a-02.jpg\" rel=\"noreferrer\" data-rel=\"iLightbox[gallery_image_4]\" class=\"fusion-lightbox\" target=\"_self\"><img decoding=\"async\" src=\"https:\/\/www.dentallabor-schoetz.de\/wp-content\/uploads\/2019\/03\/leistungen-implantattechnik-a-02.jpg\" width=\"800\" height=\"600\" alt=\"\" title=\"leistungen-implantattechnik-a-02\" aria-label=\"leistungen-implantattechnik-a-02\" class=\"img-responsive wp-image-12256\" srcset=\"https:\/\/www.dentallabor-schoetz.de\/wp-content\/uploads\/2019\/03\/leistungen-implantattechnik-a-02-200x150.jpg 200w, https:\/\/www.dentallabor-schoetz.de\/wp-content\/uploads\/2019\/03\/leistungen-implantattechnik-a-02-400x300.jpg 400w, https:\/\/www.dentallabor-schoetz.de\/wp-content\/uploads\/2019\/03\/leistungen-implantattechnik-a-02-600x450.jpg 600w, https:\/\/www.dentallabor-schoetz.de\/wp-content\/uploads\/2019\/03\/leistungen-implantattechnik-a-02.jpg 800w\" sizes=\"(min-width: 2200px) 100vw, (min-width: 824px) 397px, (min-width: 732px) 595px, (min-width: 640px) 732px, \" \/><\/a><\/div><\/div><div style=\"padding:5px;\" class=\"fusion-grid-column fusion-gallery-column fusion-gallery-column-3 hover-type-none\"><div class=\"fusion-gallery-image\"><a href=\"https:\/\/www.dentallabor-schoetz.de\/wp-content\/uploads\/2019\/03\/leistungen-implantattechnik-a-03.jpg\" rel=\"noreferrer\" data-rel=\"iLightbox[gallery_image_4]\" class=\"fusion-lightbox\" target=\"_self\"><img decoding=\"async\" src=\"https:\/\/www.dentallabor-schoetz.de\/wp-content\/uploads\/2019\/03\/leistungen-implantattechnik-a-03.jpg\" width=\"800\" height=\"600\" alt=\"\" title=\"leistungen-implantattechnik-a-03\" aria-label=\"leistungen-implantattechnik-a-03\" class=\"img-responsive wp-image-12257\" srcset=\"https:\/\/www.dentallabor-schoetz.de\/wp-content\/uploads\/2019\/03\/leistungen-implantattechnik-a-03-200x150.jpg 200w, https:\/\/www.dentallabor-schoetz.de\/wp-content\/uploads\/2019\/03\/leistungen-implantattechnik-a-03-400x300.jpg 400w, https:\/\/www.dentallabor-schoetz.de\/wp-content\/uploads\/2019\/03\/leistungen-implantattechnik-a-03-600x450.jpg 600w, https:\/\/www.dentallabor-schoetz.de\/wp-content\/uploads\/2019\/03\/leistungen-implantattechnik-a-03.jpg 800w\" sizes=\"(min-width: 2200px) 100vw, (min-width: 824px) 397px, (min-width: 732px) 595px, (min-width: 640px) 732px, \" \/><\/a><\/div><\/div><div style=\"padding:5px;\" class=\"fusion-grid-column fusion-gallery-column fusion-gallery-column-3 hover-type-none\"><div class=\"fusion-gallery-image\"><a href=\"https:\/\/www.dentallabor-schoetz.de\/wp-content\/uploads\/2019\/03\/leistungen-implantattechnik-a-04.jpg\" rel=\"noreferrer\" data-rel=\"iLightbox[gallery_image_4]\" class=\"fusion-lightbox\" target=\"_self\"><img decoding=\"async\" src=\"https:\/\/www.dentallabor-schoetz.de\/wp-content\/uploads\/2019\/03\/leistungen-implantattechnik-a-04.jpg\" width=\"800\" height=\"600\" alt=\"\" title=\"leistungen-implantattechnik-a-04\" aria-label=\"leistungen-implantattechnik-a-04\" class=\"img-responsive wp-image-12258\" srcset=\"https:\/\/www.dentallabor-schoetz.de\/wp-content\/uploads\/2019\/03\/leistungen-implantattechnik-a-04-200x150.jpg 200w, https:\/\/www.dentallabor-schoetz.de\/wp-content\/uploads\/2019\/03\/leistungen-implantattechnik-a-04-400x300.jpg 400w, https:\/\/www.dentallabor-schoetz.de\/wp-content\/uploads\/2019\/03\/leistungen-implantattechnik-a-04-600x450.jpg 600w, https:\/\/www.dentallabor-schoetz.de\/wp-content\/uploads\/2019\/03\/leistungen-implantattechnik-a-04.jpg 800w\" sizes=\"(min-width: 2200px) 100vw, (min-width: 824px) 397px, (min-width: 732px) 595px, (min-width: 640px) 732px, \" \/><\/a><\/div><\/div><div class=\"clearfix\"><\/div><div style=\"padding:5px;\" class=\"fusion-grid-column fusion-gallery-column fusion-gallery-column-3 hover-type-none\"><div class=\"fusion-gallery-image\"><a href=\"https:\/\/www.dentallabor-schoetz.de\/wp-content\/uploads\/2019\/03\/leistungen-implantattechnik-a-05.jpg\" rel=\"noreferrer\" data-rel=\"iLightbox[gallery_image_4]\" class=\"fusion-lightbox\" target=\"_self\"><img decoding=\"async\" src=\"https:\/\/www.dentallabor-schoetz.de\/wp-content\/uploads\/2019\/03\/leistungen-implantattechnik-a-05.jpg\" width=\"800\" height=\"600\" alt=\"\" title=\"leistungen-implantattechnik-a-05\" aria-label=\"leistungen-implantattechnik-a-05\" class=\"img-responsive wp-image-12259\" srcset=\"https:\/\/www.dentallabor-schoetz.de\/wp-content\/uploads\/2019\/03\/leistungen-implantattechnik-a-05-200x150.jpg 200w, https:\/\/www.dentallabor-schoetz.de\/wp-content\/uploads\/2019\/03\/leistungen-implantattechnik-a-05-400x300.jpg 400w, https:\/\/www.dentallabor-schoetz.de\/wp-content\/uploads\/2019\/03\/leistungen-implantattechnik-a-05-600x450.jpg 600w, https:\/\/www.dentallabor-schoetz.de\/wp-content\/uploads\/2019\/03\/leistungen-implantattechnik-a-05.jpg 800w\" sizes=\"(min-width: 2200px) 100vw, (min-width: 824px) 397px, (min-width: 732px) 595px, (min-width: 640px) 732px, \" \/><\/a><\/div><\/div><div style=\"padding:5px;\" class=\"fusion-grid-column fusion-gallery-column fusion-gallery-column-3 hover-type-none\"><div class=\"fusion-gallery-image\"><a href=\"https:\/\/www.dentallabor-schoetz.de\/wp-content\/uploads\/2019\/03\/leistungen-implantattechnik-a-06.jpg\" rel=\"noreferrer\" data-rel=\"iLightbox[gallery_image_4]\" class=\"fusion-lightbox\" target=\"_self\"><img decoding=\"async\" src=\"https:\/\/www.dentallabor-schoetz.de\/wp-content\/uploads\/2019\/03\/leistungen-implantattechnik-a-06.jpg\" width=\"800\" height=\"600\" alt=\"\" title=\"leistungen-implantattechnik-a-06\" aria-label=\"leistungen-implantattechnik-a-06\" class=\"img-responsive wp-image-12260\" srcset=\"https:\/\/www.dentallabor-schoetz.de\/wp-content\/uploads\/2019\/03\/leistungen-implantattechnik-a-06-200x150.jpg 200w, https:\/\/www.dentallabor-schoetz.de\/wp-content\/uploads\/2019\/03\/leistungen-implantattechnik-a-06-400x300.jpg 400w, https:\/\/www.dentallabor-schoetz.de\/wp-content\/uploads\/2019\/03\/leistungen-implantattechnik-a-06-600x450.jpg 600w, https:\/\/www.dentallabor-schoetz.de\/wp-content\/uploads\/2019\/03\/leistungen-implantattechnik-a-06.jpg 800w\" sizes=\"(min-width: 2200px) 100vw, (min-width: 824px) 397px, (min-width: 732px) 595px, (min-width: 640px) 732px, \" \/><\/a><\/div><\/div><\/div><div class=\"fusion-text fusion-text-6\"><h4>3. Patientenfall<\/h4>\n<\/div><style type=\"text\/css\">.fusion-gallery-5 .fusion-gallery-image {border:1px solid #bcbdc0;}<\/style><div class=\"fusion-gallery fusion-gallery-container fusion-grid-3 fusion-columns-total-2 fusion-gallery-layout-grid fusion-gallery-5\" style=\"margin:-5px;\"><div style=\"padding:5px;\" class=\"fusion-grid-column fusion-gallery-column fusion-gallery-column-3 hover-type-none\"><div class=\"fusion-gallery-image\"><a href=\"https:\/\/www.dentallabor-schoetz.de\/wp-content\/uploads\/2019\/03\/leistungen-implantattechnik-b-01.jpg\" rel=\"noreferrer\" data-rel=\"iLightbox[gallery_image_5]\" class=\"fusion-lightbox\" target=\"_self\"><img decoding=\"async\" src=\"https:\/\/www.dentallabor-schoetz.de\/wp-content\/uploads\/2019\/03\/leistungen-implantattechnik-b-01.jpg\" width=\"800\" height=\"600\" alt=\"\" title=\"leistungen-implantattechnik-b-01\" aria-label=\"leistungen-implantattechnik-b-01\" class=\"img-responsive wp-image-12253\" srcset=\"https:\/\/www.dentallabor-schoetz.de\/wp-content\/uploads\/2019\/03\/leistungen-implantattechnik-b-01-200x150.jpg 200w, https:\/\/www.dentallabor-schoetz.de\/wp-content\/uploads\/2019\/03\/leistungen-implantattechnik-b-01-400x300.jpg 400w, https:\/\/www.dentallabor-schoetz.de\/wp-content\/uploads\/2019\/03\/leistungen-implantattechnik-b-01-600x450.jpg 600w, https:\/\/www.dentallabor-schoetz.de\/wp-content\/uploads\/2019\/03\/leistungen-implantattechnik-b-01.jpg 800w\" sizes=\"(min-width: 2200px) 100vw, (min-width: 824px) 397px, (min-width: 732px) 595px, (min-width: 640px) 732px, \" \/><\/a><\/div><\/div><div class=\"clearfix\"><\/div><div style=\"padding:5px;\" class=\"fusion-grid-column fusion-gallery-column fusion-gallery-column-3 hover-type-none\"><div class=\"fusion-gallery-image\"><a href=\"https:\/\/www.dentallabor-schoetz.de\/wp-content\/uploads\/2019\/03\/leistungen-implantattechnik-b-02.jpg\" rel=\"noreferrer\" data-rel=\"iLightbox[gallery_image_5]\" class=\"fusion-lightbox\" target=\"_self\"><img decoding=\"async\" src=\"https:\/\/www.dentallabor-schoetz.de\/wp-content\/uploads\/2019\/03\/leistungen-implantattechnik-b-02.jpg\" width=\"800\" height=\"600\" alt=\"\" title=\"leistungen-implantattechnik-b-02\" aria-label=\"leistungen-implantattechnik-b-02\" class=\"img-responsive wp-image-12254\" srcset=\"https:\/\/www.dentallabor-schoetz.de\/wp-content\/uploads\/2019\/03\/leistungen-implantattechnik-b-02-200x150.jpg 200w, https:\/\/www.dentallabor-schoetz.de\/wp-content\/uploads\/2019\/03\/leistungen-implantattechnik-b-02-400x300.jpg 400w, https:\/\/www.dentallabor-schoetz.de\/wp-content\/uploads\/2019\/03\/leistungen-implantattechnik-b-02-600x450.jpg 600w, https:\/\/www.dentallabor-schoetz.de\/wp-content\/uploads\/2019\/03\/leistungen-implantattechnik-b-02.jpg 800w\" sizes=\"(min-width: 2200px) 100vw, (min-width: 824px) 397px, (min-width: 732px) 595px, (min-width: 640px) 732px, \" \/><\/a><\/div><\/div><\/div><div class=\"fusion-clearfix\"><\/div><\/div><\/div><\/div><\/div><\/p>\n","protected":false},"excerpt":{"rendered":"","protected":false},"author":3,"featured_media":0,"parent":0,"menu_order":0,"comment_status":"closed","ping_status":"closed","template":"","meta":{"footnotes":""},"class_list":["post-11886","page","type-page","status-publish","hentry"],"_links":{"self":[{"href":"https:\/\/www.dentallabor-schoetz.de\/index.php\/wp-json\/wp\/v2\/pages\/11886","targetHints":{"allow":["GET"]}}],"collection":[{"href":"https:\/\/www.dentallabor-schoetz.de\/index.php\/wp-json\/wp\/v2\/pages"}],"about":[{"href":"https:\/\/www.dentallabor-schoetz.de\/index.php\/wp-json\/wp\/v2\/types\/page"}],"author":[{"embeddable":true,"href":"https:\/\/www.dentallabor-schoetz.de\/index.php\/wp-json\/wp\/v2\/users\/3"}],"replies":[{"embeddable":true,"href":"https:\/\/www.dentallabor-schoetz.de\/index.php\/wp-json\/wp\/v2\/comments?post=11886"}],"version-history":[{"count":41,"href":"https:\/\/www.dentallabor-schoetz.de\/index.php\/wp-json\/wp\/v2\/pages\/11886\/revisions"}],"predecessor-version":[{"id":12388,"href":"https:\/\/www.dentallabor-schoetz.de\/index.php\/wp-json\/wp\/v2\/pages\/11886\/revisions\/12388"}],"wp:attachment":[{"href":"https:\/\/www.dentallabor-schoetz.de\/index.php\/wp-json\/wp\/v2\/media?parent=11886"}],"curies":[{"name":"wp","href":"https:\/\/api.w.org\/{rel}","templated":true}]}}