{"id":11,"date":"2018-06-01T18:22:02","date_gmt":"2018-06-01T18:22:02","guid":{"rendered":"https:\/\/wp.dentallabor-schoetz.de\/?page_id=11"},"modified":"2018-09-14T13:11:55","modified_gmt":"2018-09-14T13:11:55","slug":"impressum","status":"publish","type":"page","link":"https:\/\/www.dentallabor-schoetz.de\/index.php\/impressum\/","title":{"rendered":"Impressum"},"content":{"rendered":"<div class=\"fusion-fullwidth fullwidth-box fusion-builder-row-1 nonhundred-percent-fullwidth non-hundred-percent-height-scrolling\" style=\"background-color: #6d6e71;background-position: center center;background-repeat: no-repeat;padding-top:0px;padding-right:0px;padding-bottom:0px;padding-left:0px;margin-bottom: 0px;margin-top: 0px;border-width: 0px 0px 0px 0px;border-color:#eae9e9;border-style:solid;\" ><div class=\"fusion-builder-row fusion-row\"><div class=\"fusion-layout-column fusion_builder_column fusion-builder-column-0 fusion_builder_column_1_1 1_1 fusion-one-full fusion-column-first fusion-column-last\" style=\"margin-top:0px;margin-bottom:20px;\"><div class=\"fusion-column-wrapper fusion-flex-column-wrapper-legacy\" style=\"background-position:left top;background-repeat:no-repeat;-webkit-background-size:cover;-moz-background-size:cover;-o-background-size:cover;background-size:cover;background-color:#6d6e71;padding: 0px 0px 0px 0px;\"><span class=\" fusion-imageframe imageframe-dropshadow imageframe-1 hover-type-none\" style=\"-webkit-box-shadow: 3px 3px 7px rgba(0,0,0,0.3);box-shadow: 3px 3px 7px rgba(0,0,0,0.3);\"><img decoding=\"async\" width=\"1200\" height=\"270\" title=\"leistungen-impressum\" src=\"http:\/\/www.dentallabor-schoetz.de\/wp-content\/uploads\/2018\/09\/leistungen-impressum-1200x270.jpg\" class=\"img-responsive wp-image-12162\" srcset=\"https:\/\/www.dentallabor-schoetz.de\/wp-content\/uploads\/2018\/09\/leistungen-impressum-200x45.jpg 200w, https:\/\/www.dentallabor-schoetz.de\/wp-content\/uploads\/2018\/09\/leistungen-impressum-400x90.jpg 400w, https:\/\/www.dentallabor-schoetz.de\/wp-content\/uploads\/2018\/09\/leistungen-impressum-600x135.jpg 600w, https:\/\/www.dentallabor-schoetz.de\/wp-content\/uploads\/2018\/09\/leistungen-impressum-800x180.jpg 800w, https:\/\/www.dentallabor-schoetz.de\/wp-content\/uploads\/2018\/09\/leistungen-impressum.jpg 1200w\" sizes=\"(max-width: 800px) 100vw, 1200px\" \/><\/span><div class=\"fusion-sep-clear\"><\/div><div class=\"fusion-separator fusion-full-width-sep\" style=\"margin-left: auto;margin-right: auto;margin-top:20px;margin-bottom:20px;width:100%;\"><\/div><div class=\"fusion-sep-clear\"><\/div><div class=\"fusion-text fusion-text-1\"><h4>Dentallabor Henry Sch\u00f6tz<\/h4>\n<p>Friedrich-Hebbel-Stra\u00dfe 11 | 03046 Cottbus<\/p>\n<p><strong>Tel.<\/strong> +49 (0) 355 \/ 715142 | <strong>Fax<\/strong> +49 (0) 355\/ 729 6728<\/p>\n<p><strong>E-Mail:<\/strong> info@dentallabor-schoetz.de<br \/>\n<strong>Internet:<\/strong> www.dentallabor-schoetz.de<\/p>\n<p><strong>Gesch\u00e4ftsf\u00fchrer:<\/strong> Henry Sch\u00f6tz, Zahntechnikermeister<\/p>\n<p><strong>Zust\u00e4ndige Aufsichtsbeh\u00f6rde:<\/strong> Handwerkskammer Cottbus<\/p>\n<p><strong>Steuernummer:<\/strong> 056\/271\/01610 FA Cottbus<\/p>\n<p><strong>Berufsbezeichnung und Staat:<\/strong> Henry Sch\u00f6tz \u2013 Zahntechnikermeister, Deutschland<\/p>\n<p><strong>Verantwortlich f\u00fcr die Inhalte:<\/strong> Henry Sch\u00f6tz<\/p>\n<p><strong>Berufsrechtliche Regelungen:<\/strong><\/p>\n<p>Gesetz zur Ordnung des Handwerks (Handwerkerordnung) in der Fassung der Bekanntmachung vom 24.September 1998 (BGBl. I S. 3074; 2006 I S. 2095), zuletzt ge\u00e4ndert durch Artikel 9a des Gesetzes vom 7.September 2007 (BGBl. I S.2246)<br \/>\n(http:\/\/bundesrecht.juris.de\/bundesrecht\/hwo\/gesamt.pdf)<\/p>\n<p>Verordnung \u00fcber das Meisterpr\u00fcfungsberufsbild und \u00fcber die Pr\u00fcfungsanforderungen in den Teilen I und II der Meisterpr\u00fcfung im Zahntechniker-Handwerk (Zahntechniker-Meisterverordnung \u2013 ZahntechMstrV) vom 8.Mai 2007 (BGBl. I S. 687)<\/p>\n<p>Verordnung \u00fcber die Berufsausbildung zum Zahntechniker\/Zahntechnikerin vom 11.Dezember 1997 (BGBl. I, S. 3182)<\/p>\n<p>Gesetz \u00fcber Medizinprodukte (Medizinproduktegesetz \u2013 MPG) in der Fassung der Bekanntmachung vom 7.August 2002 (BGBl. I, S. 3146), zuletzt ge\u00e4ndert durch Artikel 1 des Gesetzes vom 14.Juni 2007 (BGBl. I, S. 1066)<br \/>\n(http:\/\/bundesrecht.juris.de\/bundesrecht\/mpg\/gesamt.pdf)<\/p>\n<p><strong>Online-Streitbeilegung<\/strong><br \/>\nDie Europ\u00e4ische Kommission stellt unter <a href=\"https:\/\/ec.europa.eu\/consumers\/odr\/\" target=\"_blank\" rel=\"noopener\">https:\/\/ec.europa.eu\/consumers\/odr\/<\/a> eine Plattform zur Online-Streitbeilegung bereit, die Verbraucher f\u00fcr die Beilegung einer Streitigkeit nutzen k\u00f6nnen und auf der weitere Informationen zum Thema Streitschlichtung zu finden sind.<br \/>\n<strong>Au\u00dfergerichtliche Streitbeilegung<\/strong><br \/>\nWir sind weder verpflichtet noch dazu bereit, im Falle einer Streitigkeit mit einem Verbraucher an einem Streitbeilegungsverfahren vor einer Verbraucherschlichtungsstelle teilzunehmen.<\/p>\n<\/div><div class=\"fusion-clearfix\"><\/div><\/div><\/div><\/div><\/div>\n","protected":false},"excerpt":{"rendered":"","protected":false},"author":1,"featured_media":0,"parent":0,"menu_order":0,"comment_status":"closed","ping_status":"closed","template":"","meta":{"footnotes":""},"class_list":["post-11","page","type-page","status-publish","hentry"],"_links":{"self":[{"href":"https:\/\/www.dentallabor-schoetz.de\/index.php\/wp-json\/wp\/v2\/pages\/11","targetHints":{"allow":["GET"]}}],"collection":[{"href":"https:\/\/www.dentallabor-schoetz.de\/index.php\/wp-json\/wp\/v2\/pages"}],"about":[{"href":"https:\/\/www.dentallabor-schoetz.de\/index.php\/wp-json\/wp\/v2\/types\/page"}],"author":[{"embeddable":true,"href":"https:\/\/www.dentallabor-schoetz.de\/index.php\/wp-json\/wp\/v2\/users\/1"}],"replies":[{"embeddable":true,"href":"https:\/\/www.dentallabor-schoetz.de\/index.php\/wp-json\/wp\/v2\/comments?post=11"}],"version-history":[{"count":2,"href":"https:\/\/www.dentallabor-schoetz.de\/index.php\/wp-json\/wp\/v2\/pages\/11\/revisions"}],"predecessor-version":[{"id":12163,"href":"https:\/\/www.dentallabor-schoetz.de\/index.php\/wp-json\/wp\/v2\/pages\/11\/revisions\/12163"}],"wp:attachment":[{"href":"https:\/\/www.dentallabor-schoetz.de\/index.php\/wp-json\/wp\/v2\/media?parent=11"}],"curies":[{"name":"wp","href":"https:\/\/api.w.org\/{rel}","templated":true}]}}